{"id":1087,"date":"2021-05-22T09:36:35","date_gmt":"2021-05-22T07:36:35","guid":{"rendered":"https:\/\/www.sl-soft.de\/?page_id=1087"},"modified":"2022-10-30T13:57:15","modified_gmt":"2022-10-30T12:57:15","slug":"sleep-o-mat","status":"publish","type":"page","link":"https:\/\/www.sl-soft.de\/en\/sleep-o-mat\/","title":{"rendered":"Sleep-o-Mat"},"content":{"rendered":"<div data-elementor-type=\"wp-page\" data-elementor-id=\"1087\" class=\"elementor elementor-1087\">\n\t\t\t\t\t\t<section class=\"elementor-section elementor-top-section elementor-element elementor-element-484ee6b elementor-section-boxed elementor-section-height-default elementor-section-height-default\" data-id=\"484ee6b\" data-element_type=\"section\">\n\t\t\t\t\t\t<div class=\"elementor-container elementor-column-gap-default\">\n\t\t\t\t\t<div class=\"elementor-column elementor-col-100 elementor-top-column elementor-element elementor-element-59bed11\" data-id=\"59bed11\" data-element_type=\"column\">\n\t\t\t<div class=\"elementor-widget-wrap elementor-element-populated\">\n\t\t\t\t\t\t<div class=\"elementor-element elementor-element-643d0ea elementor-widget-divider--view-line elementor-widget elementor-widget-divider\" data-id=\"643d0ea\" data-element_type=\"widget\" data-widget_type=\"divider.default\">\n\t\t\t\t<div class=\"elementor-widget-container\">\n\t\t\t\t\t\t\t<div class=\"elementor-divider\">\n\t\t\t<span class=\"elementor-divider-separator\">\n\t\t\t\t\t\t<\/span>\n\t\t<\/div>\n\t\t\t\t\t\t<\/div>\n\t\t\t\t<\/div>\n\t\t\t\t\t<\/div>\n\t\t<\/div>\n\t\t\t\t\t<\/div>\n\t\t<\/section>\n\t\t\t\t<section class=\"elementor-section elementor-top-section elementor-element elementor-element-6076002 elementor-section-boxed elementor-section-height-default elementor-section-height-default\" data-id=\"6076002\" data-element_type=\"section\">\n\t\t\t\t\t\t<div class=\"elementor-container elementor-column-gap-default\">\n\t\t\t\t\t<div class=\"elementor-column elementor-col-50 elementor-top-column elementor-element elementor-element-2a0c7ef\" data-id=\"2a0c7ef\" data-element_type=\"column\">\n\t\t\t<div class=\"elementor-widget-wrap elementor-element-populated\">\n\t\t\t\t\t\t<div class=\"elementor-element elementor-element-deaae3e elementor-widget elementor-widget-heading\" data-id=\"deaae3e\" data-element_type=\"widget\" data-widget_type=\"heading.default\">\n\t\t\t\t<div class=\"elementor-widget-container\">\n\t\t\t\t\t<h1 class=\"elementor-heading-title elementor-size-default\">Sleep-o-Mat<\/h1>\t\t\t\t<\/div>\n\t\t\t\t<\/div>\n\t\t\t\t<div class=\"elementor-element elementor-element-34bf9b8 elementor-widget elementor-widget-text-editor\" data-id=\"34bf9b8\" data-element_type=\"widget\" data-widget_type=\"text-editor.default\">\n\t\t\t\t<div class=\"elementor-widget-container\">\n\t\t\t\t\t\t\t\t\t<p>F\u00fchrt selbstdefinierte Scripte bei verschiedenen Systemereignissen aus.<\/p>\t\t\t\t\t\t\t\t<\/div>\n\t\t\t\t<\/div>\n\t\t\t\t<div class=\"elementor-element elementor-element-2a9b5c1 elementor-widget elementor-widget-spacer\" data-id=\"2a9b5c1\" data-element_type=\"widget\" data-widget_type=\"spacer.default\">\n\t\t\t\t<div class=\"elementor-widget-container\">\n\t\t\t\t\t\t\t<div class=\"elementor-spacer\">\n\t\t\t<div class=\"elementor-spacer-inner\"><\/div>\n\t\t<\/div>\n\t\t\t\t\t\t<\/div>\n\t\t\t\t<\/div>\n\t\t\t\t\t<\/div>\n\t\t<\/div>\n\t\t\t\t<div class=\"elementor-column elementor-col-50 elementor-top-column elementor-element elementor-element-49d6ccd\" data-id=\"49d6ccd\" data-element_type=\"column\">\n\t\t\t<div class=\"elementor-widget-wrap elementor-element-populated\">\n\t\t\t\t\t\t<div class=\"elementor-element elementor-element-d684b9b elementor-widget elementor-widget-image\" data-id=\"d684b9b\" data-element_type=\"widget\" data-widget_type=\"image.default\">\n\t\t\t\t<div class=\"elementor-widget-container\">\n\t\t\t\t\t\t\t\t\t\t\t\t\t\t\t<img decoding=\"async\" src=\"https:\/\/www.sl-soft.de\/wp-content\/uploads\/elementor\/thumbs\/sleepomat-p7j68mw6ybcozuw21ysplkbzq967gc2ikqx1qrrv80.png\" title=\"sleepomat\" alt=\"sleepomat\" loading=\"lazy\" \/>\t\t\t\t\t\t\t\t\t\t\t\t\t\t\t<\/div>\n\t\t\t\t<\/div>\n\t\t\t\t\t<\/div>\n\t\t<\/div>\n\t\t\t\t\t<\/div>\n\t\t<\/section>\n\t\t\t\t<section class=\"elementor-section elementor-top-section elementor-element elementor-element-c4b3252 elementor-section-boxed elementor-section-height-default elementor-section-height-default\" data-id=\"c4b3252\" data-element_type=\"section\" data-settings=\"{&quot;background_background&quot;:&quot;classic&quot;,&quot;shape_divider_top&quot;:&quot;triangle&quot;}\">\n\t\t\t\t\t<div class=\"elementor-shape elementor-shape-top\" aria-hidden=\"true\" data-negative=\"false\">\n\t\t\t<svg xmlns=\"http:\/\/www.w3.org\/2000\/svg\" viewbox=\"0 0 1000 100\" preserveaspectratio=\"none\">\n\t<path class=\"elementor-shape-fill\" d=\"M500,98.9L0,6.1V0h1000v6.1L500,98.9z\"\/>\n<\/svg>\t\t<\/div>\n\t\t\t\t\t<div class=\"elementor-container elementor-column-gap-default\">\n\t\t\t\t\t<div class=\"elementor-column elementor-col-100 elementor-top-column elementor-element elementor-element-930633c\" data-id=\"930633c\" data-element_type=\"column\">\n\t\t\t<div class=\"elementor-widget-wrap elementor-element-populated\">\n\t\t\t\t\t\t<div class=\"elementor-element elementor-element-56d2cf8 elementor-widget elementor-widget-text-editor\" data-id=\"56d2cf8\" data-element_type=\"widget\" data-widget_type=\"text-editor.default\">\n\t\t\t\t<div class=\"elementor-widget-container\">\n\t\t\t\t\t\t\t\t\t<div>Sleep-o-Mat offers you the possibility to have scripts (Bash, Python, Ruby ... etc) executed automatically in the event of system events.<\/div><div>\u00a0<\/div><div>Sleep-o-Mat basiert auf dem Kommandozeilenprogramm <a href=\"https:\/\/www.bernhard-baehr.de\/\">sleepwatcher (\u00a9 Bernhard Baehr)<\/a>.<\/div><div>\u00a0<\/div><h3 style=\"text-align: center;\"><a href=\"https:\/\/www.sl-soft.de\/extern\/Sleep-o-Mat.zip\"><strong>&gt;&gt;&gt; Download (mind. 10.10) &lt;&lt;&lt;<\/strong><\/a><\/h3>\t\t\t\t\t\t\t\t<\/div>\n\t\t\t\t<\/div>\n\t\t\t\t\t<\/div>\n\t\t<\/div>\n\t\t\t\t\t<\/div>\n\t\t<\/section>\n\t\t\t\t<section class=\"elementor-section elementor-top-section elementor-element elementor-element-6a2448e elementor-section-boxed elementor-section-height-default elementor-section-height-default\" data-id=\"6a2448e\" data-element_type=\"section\">\n\t\t\t\t\t\t\t<div class=\"elementor-background-overlay\"><\/div>\n\t\t\t\t\t\t\t<div class=\"elementor-container elementor-column-gap-default\">\n\t\t\t\t\t<div class=\"elementor-column elementor-col-100 elementor-top-column elementor-element elementor-element-dae6f71\" data-id=\"dae6f71\" data-element_type=\"column\">\n\t\t\t<div class=\"elementor-widget-wrap elementor-element-populated\">\n\t\t\t\t\t\t<div class=\"elementor-element elementor-element-412c2c8 elementor-widget elementor-widget-heading\" data-id=\"412c2c8\" data-element_type=\"widget\" data-widget_type=\"heading.default\">\n\t\t\t\t<div class=\"elementor-widget-container\">\n\t\t\t\t\t<h3 class=\"elementor-heading-title elementor-size-default\">How does Sleep-o-Mat work?<\/h3>\t\t\t\t<\/div>\n\t\t\t\t<\/div>\n\t\t\t\t<section class=\"elementor-section elementor-inner-section elementor-element elementor-element-e1ceacc elementor-section-boxed elementor-section-height-default elementor-section-height-default\" data-id=\"e1ceacc\" data-element_type=\"section\">\n\t\t\t\t\t\t<div class=\"elementor-container elementor-column-gap-default\">\n\t\t\t\t\t<div class=\"elementor-column elementor-col-100 elementor-inner-column elementor-element elementor-element-fb466bc\" data-id=\"fb466bc\" data-element_type=\"column\">\n\t\t\t<div class=\"elementor-widget-wrap elementor-element-populated\">\n\t\t\t\t\t\t<div class=\"elementor-element elementor-element-dd036e9 elementor-invisible elementor-widget elementor-widget-image\" data-id=\"dd036e9\" data-element_type=\"widget\" data-settings=\"{&quot;_animation&quot;:&quot;bounceInRight&quot;}\" data-widget_type=\"image.default\">\n\t\t\t\t<div class=\"elementor-widget-container\">\n\t\t\t\t\t\t\t\t\t\t\t\t\t\t\t<img fetchpriority=\"high\" decoding=\"async\" width=\"782\" height=\"489\" src=\"https:\/\/www.sl-soft.de\/wp-content\/uploads\/2021\/05\/sleepomatEN.png\" class=\"attachment-full size-full wp-image-1111\" alt=\"\" srcset=\"https:\/\/www.sl-soft.de\/wp-content\/uploads\/2021\/05\/sleepomatEN.png 782w, https:\/\/www.sl-soft.de\/wp-content\/uploads\/2021\/05\/sleepomatEN-16x10.png 16w, https:\/\/www.sl-soft.de\/wp-content\/uploads\/2021\/05\/sleepomatEN-300x188.png 300w, https:\/\/www.sl-soft.de\/wp-content\/uploads\/2021\/05\/sleepomatEN-768x480.png 768w\" sizes=\"(max-width: 782px) 100vw, 782px\" \/>\t\t\t\t\t\t\t\t\t\t\t\t\t\t\t<\/div>\n\t\t\t\t<\/div>\n\t\t\t\t\t<\/div>\n\t\t<\/div>\n\t\t\t\t\t<\/div>\n\t\t<\/section>\n\t\t\t\t<div class=\"elementor-element elementor-element-6e00409 elementor-widget elementor-widget-text-editor\" data-id=\"6e00409\" data-element_type=\"widget\" data-widget_type=\"text-editor.default\">\n\t\t\t\t<div class=\"elementor-widget-container\">\n\t\t\t\t\t\t\t\t\t<p>Sleep-o-Mat loads the command line program \u201csleepwatcher\u201d in the background and adds the stored scripts as arguments.<\/p><p>Es l\u00e4sst sich entweder als LaunchAgent installieren (das heisst nach jedem Systemneustart wird sleepwatcher im Hintergrund automatisch geladen), oder es wird je nach Wunsch mittels Sleep-o-Mat gestartet bzw. gestoppt. Ob und in welchem Modus es gerade l\u00e4uft l\u00e4sst sich am Status oben rechts erkennen.<\/p><p>Zus\u00e4tzlich bietet Sleep-o-Mat Vorlagen f\u00fcr jedes Ereignis welche sich direkt mit dem Bearbeitungsicon ver\u00e4ndern lassen. Daher braucht man die Scripte nicht manuell anlegen. Einfach auf den &#8222;Vorlage&#8220;-Button klicken und sofort beginnen. Als Standardvorlage kommt hier Bash zum Einsatz. Nat\u00fcrlich kannst Du auch andere Scriptsprachen (Python, Ruby, &#8230; ) die auf Deinem System vorhanden sind nutzen.<\/p><p>The following system events are supported:<\/p><ul><li>System goes into sleep mode<\/li><li>System wakes up<\/li><li>The display dims<\/li><li>Display dims up<\/li><li>The display goes into sleep mode<\/li><li>Display wakes up<\/li><li>User is idle<\/li><li>User continues<\/li><li>Power supply is connected<\/li><li>Power supply is removed<\/li><\/ul>\t\t\t\t\t\t\t\t<\/div>\n\t\t\t\t<\/div>\n\t\t\t\t\t<\/div>\n\t\t<\/div>\n\t\t\t\t\t<\/div>\n\t\t<\/section>\n\t\t\t\t<\/div>","protected":false},"excerpt":{"rendered":"<p>Sleep-o-Mat F\u00fchrt selbstdefinierte Scripte bei verschiedenen Systemereignissen aus. Sleep-o-Mat bietet Dir die M\u00f6glichkeit Scripte (Bash, Python, Ruby &#8230; etc) bei Systemereignissen automatisch ausf\u00fchren zu lassen.\u00a0Sleep-o-Mat basiert auf dem Kommandozeilenprogramm sleepwatcher (\u00a9 Bernhard Baehr).\u00a0 &gt;&gt;&gt; Download (mind. 10.10) &lt;&lt;&lt; Wie funktioniert Sleep-o-Mat? Sleep-o-Mat l\u00e4dt das Kommandozeilenprogramm &#8222;sleepwatcher&#8220; im Hintergrund und f\u00fcgt die hinterlegten Scripte als Argument&hellip;&nbsp;<a href=\"https:\/\/www.sl-soft.de\/en\/sleep-o-mat\/\" class=\"\" rel=\"bookmark\">Read More &raquo;<span class=\"screen-reader-text\">Sleep-o-Mat<\/span><\/a><\/p>","protected":false},"author":1,"featured_media":0,"parent":0,"menu_order":0,"comment_status":"closed","ping_status":"closed","template":"page-templates\/template-pagebuilder-full-width.php","meta":{"footnotes":""},"class_list":["post-1087","page","type-page","status-publish","hentry"],"_links":{"self":[{"href":"https:\/\/www.sl-soft.de\/en\/wp-json\/wp\/v2\/pages\/1087","targetHints":{"allow":["GET"]}}],"collection":[{"href":"https:\/\/www.sl-soft.de\/en\/wp-json\/wp\/v2\/pages"}],"about":[{"href":"https:\/\/www.sl-soft.de\/en\/wp-json\/wp\/v2\/types\/page"}],"author":[{"embeddable":true,"href":"https:\/\/www.sl-soft.de\/en\/wp-json\/wp\/v2\/users\/1"}],"replies":[{"embeddable":true,"href":"https:\/\/www.sl-soft.de\/en\/wp-json\/wp\/v2\/comments?post=1087"}],"version-history":[{"count":43,"href":"https:\/\/www.sl-soft.de\/en\/wp-json\/wp\/v2\/pages\/1087\/revisions"}],"predecessor-version":[{"id":1900,"href":"https:\/\/www.sl-soft.de\/en\/wp-json\/wp\/v2\/pages\/1087\/revisions\/1900"}],"wp:attachment":[{"href":"https:\/\/www.sl-soft.de\/en\/wp-json\/wp\/v2\/media?parent=1087"}],"curies":[{"name":"wp","href":"https:\/\/api.w.org\/{rel}","templated":true}]}}