{"id":1424,"date":"2022-02-06T14:21:44","date_gmt":"2022-02-06T13:21:44","guid":{"rendered":"https:\/\/www.sl-soft.de\/?page_id=1424"},"modified":"2022-02-15T16:01:22","modified_gmt":"2022-02-15T15:01:22","slug":"wine-wrapper","status":"publish","type":"page","link":"https:\/\/www.sl-soft.de\/en\/wine-wrapper\/","title":{"rendered":"Wine Wrapper"},"content":{"rendered":"<div data-elementor-type=\"wp-page\" data-elementor-id=\"1424\" class=\"elementor elementor-1424\">\n\t\t\t\t\t\t<section class=\"elementor-section elementor-top-section elementor-element elementor-element-484ee6b elementor-section-boxed elementor-section-height-default elementor-section-height-default\" data-id=\"484ee6b\" data-element_type=\"section\">\n\t\t\t\t\t\t<div class=\"elementor-container elementor-column-gap-default\">\n\t\t\t\t\t<div class=\"elementor-column elementor-col-100 elementor-top-column elementor-element elementor-element-59bed11\" data-id=\"59bed11\" data-element_type=\"column\">\n\t\t\t<div class=\"elementor-widget-wrap elementor-element-populated\">\n\t\t\t\t\t\t<div class=\"elementor-element elementor-element-643d0ea elementor-widget-divider--view-line elementor-widget elementor-widget-divider\" data-id=\"643d0ea\" data-element_type=\"widget\" data-widget_type=\"divider.default\">\n\t\t\t\t<div class=\"elementor-widget-container\">\n\t\t\t\t\t\t\t<div class=\"elementor-divider\">\n\t\t\t<span class=\"elementor-divider-separator\">\n\t\t\t\t\t\t<\/span>\n\t\t<\/div>\n\t\t\t\t\t\t<\/div>\n\t\t\t\t<\/div>\n\t\t\t\t\t<\/div>\n\t\t<\/div>\n\t\t\t\t\t<\/div>\n\t\t<\/section>\n\t\t\t\t<section class=\"elementor-section elementor-top-section elementor-element elementor-element-6076002 elementor-section-boxed elementor-section-height-default elementor-section-height-default\" data-id=\"6076002\" data-element_type=\"section\">\n\t\t\t\t\t\t<div class=\"elementor-container elementor-column-gap-default\">\n\t\t\t\t\t<div class=\"elementor-column elementor-col-100 elementor-top-column elementor-element elementor-element-2a0c7ef\" data-id=\"2a0c7ef\" data-element_type=\"column\">\n\t\t\t<div class=\"elementor-widget-wrap elementor-element-populated\">\n\t\t\t\t\t\t<div class=\"elementor-element elementor-element-deaae3e elementor-widget elementor-widget-heading\" data-id=\"deaae3e\" data-element_type=\"widget\" data-widget_type=\"heading.default\">\n\t\t\t\t<div class=\"elementor-widget-container\">\n\t\t\t\t\t<h1 class=\"elementor-heading-title elementor-size-default\">What is Wine?<\/h1>\t\t\t\t<\/div>\n\t\t\t\t<\/div>\n\t\t\t\t<div class=\"elementor-element elementor-element-57cfd00 elementor-widget elementor-widget-text-editor\" data-id=\"57cfd00\" data-element_type=\"widget\" data-widget_type=\"text-editor.default\">\n\t\t\t\t<div class=\"elementor-widget-container\">\n\t\t\t\t\t\t\t\t\t<p>Use Windows games or programs directly with macOS<\/p>\t\t\t\t\t\t\t\t<\/div>\n\t\t\t\t<\/div>\n\t\t\t\t<div class=\"elementor-element elementor-element-2a9b5c1 elementor-widget elementor-widget-spacer\" data-id=\"2a9b5c1\" data-element_type=\"widget\" data-widget_type=\"spacer.default\">\n\t\t\t\t<div class=\"elementor-widget-container\">\n\t\t\t\t\t\t\t<div class=\"elementor-spacer\">\n\t\t\t<div class=\"elementor-spacer-inner\"><\/div>\n\t\t<\/div>\n\t\t\t\t\t\t<\/div>\n\t\t\t\t<\/div>\n\t\t\t\t\t<\/div>\n\t\t<\/div>\n\t\t\t\t\t<\/div>\n\t\t<\/section>\n\t\t\t\t<section class=\"elementor-section elementor-top-section elementor-element elementor-element-c4b3252 elementor-section-boxed elementor-section-height-default elementor-section-height-default\" data-id=\"c4b3252\" data-element_type=\"section\" data-settings=\"{&quot;background_background&quot;:&quot;classic&quot;,&quot;shape_divider_top&quot;:&quot;triangle&quot;}\">\n\t\t\t\t\t<div class=\"elementor-shape elementor-shape-top\" aria-hidden=\"true\" data-negative=\"false\">\n\t\t\t<svg xmlns=\"http:\/\/www.w3.org\/2000\/svg\" viewbox=\"0 0 1000 100\" preserveaspectratio=\"none\">\n\t<path class=\"elementor-shape-fill\" d=\"M500,98.9L0,6.1V0h1000v6.1L500,98.9z\"\/>\n<\/svg>\t\t<\/div>\n\t\t\t\t\t<div class=\"elementor-container elementor-column-gap-default\">\n\t\t\t\t\t<div class=\"elementor-column elementor-col-100 elementor-top-column elementor-element elementor-element-930633c\" data-id=\"930633c\" data-element_type=\"column\">\n\t\t\t<div class=\"elementor-widget-wrap elementor-element-populated\">\n\t\t\t\t\t\t<div class=\"elementor-element elementor-element-56d2cf8 elementor-widget elementor-widget-text-editor\" data-id=\"56d2cf8\" data-element_type=\"widget\" data-widget_type=\"text-editor.default\">\n\t\t\t\t<div class=\"elementor-widget-container\">\n\t\t\t\t\t\t\t\t\t<p><strong><span style=\"text-decoration: underline;\">Foreword<\/span><\/strong><br \/>Wine is a replica of the Windows API that makes a variety of Windows games or programs run on macOS. Wherever this works, it is the more direct route over a virtualization solution.<br \/>Wer auf bestimmte Windows-Spiele oder Programme nicht verzichten kann, der hat drei M\u00f6glichkeiten \u2013 Windows via Dualboot nutzen, Windows in einer virtuellen Maschine unter macOS installieren oder die gew\u00fcnschte Software per Wine starten. Allerdings kann der Weg \u00fcber Wine etwas steinig und &#8222;tricky&#8220; sein. Nicht jedes Programm bzw. Spiel ist damit lauff\u00e4hig und man kommt um eine Windows-Vollinstallation nicht herum.<\/p><p><span style=\"text-decoration: underline;\"><strong>But now let's get to the real point<\/strong><\/span><br \/>Who (of us older people) doesn't like to think back to the good old computer times of classic games and would like to play them again today because we spent hours or even days playing them. As already described above there are several ways to do this.\u00a0 In my Wine section I would like to offer the possibility to easily get these games running again under macOS.<\/p><p>Dazu pr\u00e4feriere ich, sofern es denn mit dem entsprechenden Spiel auch funktioniert, den sog. &#8222;Wine Wrapper&#8220;. Dieser Wrapper ist augenscheinlich nichts anderes als eine normale Mac Applikation. Man muss sie wie jedes andere Mac Programm einfach nur starten und kann direkt mit dem Spielen beginnen. S\u00e4mtliche ben\u00f6tigte Windowssystem-Dateien sind in der App enthalten ohne das es einer echten Windowsinstallation bedarf.<\/p><p>I would like to provide here now the one or other wrapper to classics. It is important to mention here that it is only the naked wrapper. That means the actual files of the game are not included for copyright reasons. You must have the original game files to install them. Apart from that, the WWW also offers many possibilities for a game (<span style=\"text-decoration: underline;\"><em><strong>of course<\/strong><\/em><\/span> completely legal) to get hold of.<\/p><p>What do you have to do if you have downloaded one of my wrappers and the CD(s)\/disk image(s)\/GOG installer is now in front of you?<\/p><p><strong>1) Als erstes startet Ihr die &#8222;Game Config&#8220; Applikation die dem Ordner des Wrappers beiliegt<\/strong><br \/><strong>2) Ihr klickt auf den roten Button &#8222;Spiel installieren&#8220;<\/strong><br \/><b>3) Select the installation exe file<\/b><\/p><p>After that everything looks exactly like you know it from Windows. Just follow the steps of the installation. It is very important that you use the default installation path of the game. <span style=\"text-decoration: underline;\"><strong>.<\/strong><\/span> otherwise it will not work in the end. The path is fixed in the wrapper. You just have to confirm all requests.<\/p><p>With the GOG game installers it can happen that they throw an error at the very end. You can simply ignore this and confirm. This does not affect the function.<\/p><p>Generell ist es auch wichtig das Ihr am Ende nicht das Spiel direkt startet, wie es meist vom Installer vorgeschlagen wird, sondern erstmal das Ganze beenden sodass Ihr wieder zu &#8222;Wineskin&#8220; zur\u00fcck gelangt. Solltet Ihr f\u00fcr das Spiel noch weitere Installationen machen m\u00fcssen, z.B. die 2. CD mit der Setup Exe einlegen oder irgendwelche Patches (sei es technische oder sprachliche) einspielen, so wiederholt einfach die Vorgehensweise wie unter Punkt 4) beschrieben ist. Wenn alles erledigt ist k\u00f6nnt ihr Wineskin und dann meine Game Config Applikation schlie\u00dfen und letztere erneut starten. Der rote Button ist dann nicht mehr zu sehen und Ihr k\u00f6nnt ggf. Einstellungen vornehmen und das Spiel dann starten.<\/p><p>Many of the older games require that you leave the installation CD in the drive so that the game will start. This was a common copy protection back then. Fortunately, it is usually sufficient to create a disk image from your original and then simply mount it. By the way, you can install games from disk images in general, so you don't need any physical media. The original can stay on your shelf.<\/p><p>The whole CD check falls under the table with GOG games anyway, because they exclusively deliver their games in only one exe file which is free of DRM.<\/p><p>And now I wish you a lot of fun with my Wine Wrappers, which will hopefully become even more extensive over time. The wrappers offered here should theoretically also work on Apple Silicon devices.<\/p>\t\t\t\t\t\t\t\t<\/div>\n\t\t\t\t<\/div>\n\t\t\t\t\t<\/div>\n\t\t<\/div>\n\t\t\t\t\t<\/div>\n\t\t<\/section>\n\t\t\t\t<\/div>","protected":false},"excerpt":{"rendered":"<p>Was ist Wine? Windows-Spiele oder Programme direkt mit macOS nutzen VorwortWine ist ein Nachbau der Windows-API, der eine Vielzahl von Windows-Spiele oder Programme unter macOS lauff\u00e4hig macht. Wo immer dies funktioniert, ist es gegen\u00fcber einer Virtualisierungsl\u00f6sung der direktere Weg.Wer auf bestimmte Windows-Spiele oder Programme nicht verzichten kann, der hat drei M\u00f6glichkeiten \u2013 Windows via Dualboot&hellip;&nbsp;<a href=\"https:\/\/www.sl-soft.de\/en\/wine-wrapper\/\" class=\"\" rel=\"bookmark\">Read More &raquo;<span class=\"screen-reader-text\">Wine Wrapper<\/span><\/a><\/p>","protected":false},"author":1,"featured_media":0,"parent":0,"menu_order":0,"comment_status":"closed","ping_status":"closed","template":"page-templates\/template-pagebuilder-full-width.php","meta":{"footnotes":""},"class_list":["post-1424","page","type-page","status-publish","hentry"],"_links":{"self":[{"href":"https:\/\/www.sl-soft.de\/en\/wp-json\/wp\/v2\/pages\/1424","targetHints":{"allow":["GET"]}}],"collection":[{"href":"https:\/\/www.sl-soft.de\/en\/wp-json\/wp\/v2\/pages"}],"about":[{"href":"https:\/\/www.sl-soft.de\/en\/wp-json\/wp\/v2\/types\/page"}],"author":[{"embeddable":true,"href":"https:\/\/www.sl-soft.de\/en\/wp-json\/wp\/v2\/users\/1"}],"replies":[{"embeddable":true,"href":"https:\/\/www.sl-soft.de\/en\/wp-json\/wp\/v2\/comments?post=1424"}],"version-history":[{"count":113,"href":"https:\/\/www.sl-soft.de\/en\/wp-json\/wp\/v2\/pages\/1424\/revisions"}],"predecessor-version":[{"id":1666,"href":"https:\/\/www.sl-soft.de\/en\/wp-json\/wp\/v2\/pages\/1424\/revisions\/1666"}],"wp:attachment":[{"href":"https:\/\/www.sl-soft.de\/en\/wp-json\/wp\/v2\/media?parent=1424"}],"curies":[{"name":"wp","href":"https:\/\/api.w.org\/{rel}","templated":true}]}}