{"id":1622,"date":"2022-02-15T14:47:17","date_gmt":"2022-02-15T13:47:17","guid":{"rendered":"https:\/\/www.sl-soft.de\/?page_id=1622"},"modified":"2022-02-25T21:52:47","modified_gmt":"2022-02-25T20:52:47","slug":"simcity-4-deluxe-edition","status":"publish","type":"page","link":"https:\/\/www.sl-soft.de\/en\/simcity-4-deluxe-edition\/","title":{"rendered":"SimCity 4 Deluxe Edition"},"content":{"rendered":"<div data-elementor-type=\"wp-page\" data-elementor-id=\"1622\" class=\"elementor elementor-1622\">\n\t\t\t\t\t\t<section class=\"elementor-section elementor-top-section elementor-element elementor-element-484ee6b elementor-section-boxed elementor-section-height-default elementor-section-height-default\" data-id=\"484ee6b\" data-element_type=\"section\">\n\t\t\t\t\t\t<div class=\"elementor-container elementor-column-gap-default\">\n\t\t\t\t\t<div class=\"elementor-column elementor-col-100 elementor-top-column elementor-element elementor-element-59bed11\" data-id=\"59bed11\" data-element_type=\"column\">\n\t\t\t<div class=\"elementor-widget-wrap elementor-element-populated\">\n\t\t\t\t\t\t<div class=\"elementor-element elementor-element-643d0ea elementor-widget-divider--view-line elementor-widget elementor-widget-divider\" data-id=\"643d0ea\" data-element_type=\"widget\" data-widget_type=\"divider.default\">\n\t\t\t\t<div class=\"elementor-widget-container\">\n\t\t\t\t\t\t\t<div class=\"elementor-divider\">\n\t\t\t<span class=\"elementor-divider-separator\">\n\t\t\t\t\t\t<\/span>\n\t\t<\/div>\n\t\t\t\t\t\t<\/div>\n\t\t\t\t<\/div>\n\t\t\t\t\t<\/div>\n\t\t<\/div>\n\t\t\t\t\t<\/div>\n\t\t<\/section>\n\t\t\t\t<section class=\"elementor-section elementor-top-section elementor-element elementor-element-6076002 elementor-section-boxed elementor-section-height-default elementor-section-height-default\" data-id=\"6076002\" data-element_type=\"section\">\n\t\t\t\t\t\t<div class=\"elementor-container elementor-column-gap-default\">\n\t\t\t\t\t<div class=\"elementor-column elementor-col-50 elementor-top-column elementor-element elementor-element-2a0c7ef\" data-id=\"2a0c7ef\" data-element_type=\"column\">\n\t\t\t<div class=\"elementor-widget-wrap elementor-element-populated\">\n\t\t\t\t\t\t<div class=\"elementor-element elementor-element-deaae3e elementor-widget elementor-widget-heading\" data-id=\"deaae3e\" data-element_type=\"widget\" data-widget_type=\"heading.default\">\n\t\t\t\t<div class=\"elementor-widget-container\">\n\t\t\t\t\t<h1 class=\"elementor-heading-title elementor-size-default\">SimCity 4<\/h1>\t\t\t\t<\/div>\n\t\t\t\t<\/div>\n\t\t\t\t<div class=\"elementor-element elementor-element-34bf9b8 elementor-widget elementor-widget-text-editor\" data-id=\"34bf9b8\" data-element_type=\"widget\" data-widget_type=\"text-editor.default\">\n\t\t\t\t<div class=\"elementor-widget-container\">\n\t\t\t\t\t\t\t\t\t<p>Deluxe Edition (GOG \/ Mehrsprachig)<\/p>\t\t\t\t\t\t\t\t<\/div>\n\t\t\t\t<\/div>\n\t\t\t\t<div class=\"elementor-element elementor-element-2a9b5c1 elementor-widget elementor-widget-spacer\" data-id=\"2a9b5c1\" data-element_type=\"widget\" data-widget_type=\"spacer.default\">\n\t\t\t\t<div class=\"elementor-widget-container\">\n\t\t\t\t\t\t\t<div class=\"elementor-spacer\">\n\t\t\t<div class=\"elementor-spacer-inner\"><\/div>\n\t\t<\/div>\n\t\t\t\t\t\t<\/div>\n\t\t\t\t<\/div>\n\t\t\t\t\t<\/div>\n\t\t<\/div>\n\t\t\t\t<div class=\"elementor-column elementor-col-50 elementor-top-column elementor-element elementor-element-49d6ccd\" data-id=\"49d6ccd\" data-element_type=\"column\">\n\t\t\t<div class=\"elementor-widget-wrap elementor-element-populated\">\n\t\t\t\t\t\t<div class=\"elementor-element elementor-element-d684b9b elementor-widget elementor-widget-image\" data-id=\"d684b9b\" data-element_type=\"widget\" data-widget_type=\"image.default\">\n\t\t\t\t<div class=\"elementor-widget-container\">\n\t\t\t\t\t\t\t\t\t\t\t\t\t\t\t<img decoding=\"async\" width=\"155\" height=\"238\" src=\"https:\/\/www.sl-soft.de\/wp-content\/uploads\/2022\/02\/wine.png\" class=\"attachment-full size-full wp-image-1408\" alt=\"\" srcset=\"https:\/\/www.sl-soft.de\/wp-content\/uploads\/2022\/02\/wine.png 155w, https:\/\/www.sl-soft.de\/wp-content\/uploads\/2022\/02\/wine-8x12.png 8w\" sizes=\"(max-width: 155px) 100vw, 155px\" \/>\t\t\t\t\t\t\t\t\t\t\t\t\t\t\t<\/div>\n\t\t\t\t<\/div>\n\t\t\t\t\t<\/div>\n\t\t<\/div>\n\t\t\t\t\t<\/div>\n\t\t<\/section>\n\t\t\t\t<section class=\"elementor-section elementor-top-section elementor-element elementor-element-c4b3252 elementor-section-boxed elementor-section-height-default elementor-section-height-default\" data-id=\"c4b3252\" data-element_type=\"section\" data-settings=\"{&quot;background_background&quot;:&quot;classic&quot;,&quot;shape_divider_top&quot;:&quot;triangle&quot;}\">\n\t\t\t\t\t<div class=\"elementor-shape elementor-shape-top\" aria-hidden=\"true\" data-negative=\"false\">\n\t\t\t<svg xmlns=\"http:\/\/www.w3.org\/2000\/svg\" viewbox=\"0 0 1000 100\" preserveaspectratio=\"none\">\n\t<path class=\"elementor-shape-fill\" d=\"M500,98.9L0,6.1V0h1000v6.1L500,98.9z\"\/>\n<\/svg>\t\t<\/div>\n\t\t\t\t\t<div class=\"elementor-container elementor-column-gap-default\">\n\t\t\t\t\t<div class=\"elementor-column elementor-col-100 elementor-top-column elementor-element elementor-element-930633c\" data-id=\"930633c\" data-element_type=\"column\">\n\t\t\t<div class=\"elementor-widget-wrap elementor-element-populated\">\n\t\t\t\t\t\t<div class=\"elementor-element elementor-element-56d2cf8 elementor-widget elementor-widget-text-editor\" data-id=\"56d2cf8\" data-element_type=\"widget\" data-widget_type=\"text-editor.default\">\n\t\t\t\t<div class=\"elementor-widget-container\">\n\t\t\t\t\t\t\t\t\t<ul><li>Source: <a href=\"https:\/\/www.gog.com\/game\/simcity_4_deluxe_edition\" target=\"_blank\" rel=\"noopener\">GOG<\/a><\/li><li>min. macOS 10.15.4 (Apple Silicon compatible)<\/li><li><a href=\"https:\/\/www.sl-soft.de\/extern\/software\/wrapper\/SimCity_4_Deluxe_Edition.zip\">Download Wrapper<\/a><\/li><\/ul><p><span style=\"text-decoration: underline;\"><strong><br \/>Notice:<\/strong><\/span><br \/>Es gibt nach wie vor noch eine Modding-Community f\u00fcr dieses Spiel. Zu nennen w\u00e4re hier z.B.<br \/>&#8211;<a href=\"https:\/\/community.simtropolis.com\/files\/file\/26793-network-addon-mod-nam-cross-platform\/\" target=\"_blank\" rel=\"noopener\"> NAM Patch<\/a><br \/>&#8211; <a href=\"http:\/\/www.simcityplaza.de\/index.php\/simcitykurier\" target=\"_blank\" rel=\"noopener\">Geb\u00e4ude, Strassen, etc.<\/a><\/p><p>Der Wrapper ist f\u00fcr den NAM Patch bereits vorbereitet (4GB Patch sowie Java SDK ). Alle Mods die installiert werden befinden sich standardm\u00e4\u00dfig in diesem Verzeichnis:<\/p><p class=\"p1\"><strong><span class=\"s1\">~<\/span><\/strong><span style=\"font-family: Graphik, -apple-system, BlinkMacSystemFont, 'Segoe UI', Helvetica, Arial, sans-serif; letter-spacing: 0px;\"><strong>\/Documents\/SimCity 4\/Plugins<\/strong>\u00a0<\/span><\/p><p>Ich habe <a href=\"https:\/\/www.sl-soft.de\/extern\/software\/wrapper\/SimCity_4_Deluxe_Edition_Plugins.7z\">hier<\/a> schon einmal ein paar n\u00fctzliche Mods zusammengestellt wie z.B. bekannte Discounter (Aldi, Lidl etc.), Kaufh\u00e4user, europ\u00e4ische Autos\/Automarken usw. So bekommt das Ganze noch einen realistischeren Touch.<\/p><p>\u00a0<\/p>\t\t\t\t\t\t\t\t<\/div>\n\t\t\t\t<\/div>\n\t\t\t\t\t<\/div>\n\t\t<\/div>\n\t\t\t\t\t<\/div>\n\t\t<\/section>\n\t\t\t\t<section class=\"elementor-section elementor-top-section elementor-element elementor-element-6a2448e elementor-section-boxed elementor-section-height-default elementor-section-height-default\" data-id=\"6a2448e\" data-element_type=\"section\">\n\t\t\t\t\t\t\t<div class=\"elementor-background-overlay\"><\/div>\n\t\t\t\t\t\t\t<div class=\"elementor-container elementor-column-gap-default\">\n\t\t\t\t\t<div class=\"elementor-column elementor-col-100 elementor-top-column elementor-element elementor-element-dae6f71\" data-id=\"dae6f71\" data-element_type=\"column\">\n\t\t\t<div class=\"elementor-widget-wrap elementor-element-populated\">\n\t\t\t\t\t\t<div class=\"elementor-element elementor-element-0c150ed elementor-widget elementor-widget-image\" data-id=\"0c150ed\" data-element_type=\"widget\" data-widget_type=\"image.default\">\n\t\t\t\t<div class=\"elementor-widget-container\">\n\t\t\t\t\t\t\t\t\t\t\t\t\t\t\t<img fetchpriority=\"high\" decoding=\"async\" width=\"640\" height=\"455\" src=\"https:\/\/www.sl-soft.de\/wp-content\/uploads\/2022\/02\/Bildschirmfoto-2022-02-25-um-21.52.14.png\" class=\"attachment-large size-large wp-image-1744\" alt=\"\" srcset=\"https:\/\/www.sl-soft.de\/wp-content\/uploads\/2022\/02\/Bildschirmfoto-2022-02-25-um-21.52.14.png 640w, https:\/\/www.sl-soft.de\/wp-content\/uploads\/2022\/02\/Bildschirmfoto-2022-02-25-um-21.52.14-18x12.png 18w, https:\/\/www.sl-soft.de\/wp-content\/uploads\/2022\/02\/Bildschirmfoto-2022-02-25-um-21.52.14-300x213.png 300w\" sizes=\"(max-width: 640px) 100vw, 640px\" \/>\t\t\t\t\t\t\t\t\t\t\t\t\t\t\t<\/div>\n\t\t\t\t<\/div>\n\t\t\t\t<div class=\"elementor-element elementor-element-0777003 elementor-widget elementor-widget-image\" data-id=\"0777003\" data-element_type=\"widget\" data-widget_type=\"image.default\">\n\t\t\t\t<div class=\"elementor-widget-container\">\n\t\t\t\t\t\t\t\t\t\t\t\t\t\t\t<img decoding=\"async\" width=\"912\" height=\"740\" src=\"https:\/\/www.sl-soft.de\/wp-content\/uploads\/2022\/02\/6GDTGCN.png\" class=\"attachment-large size-large wp-image-1735\" alt=\"\" srcset=\"https:\/\/www.sl-soft.de\/wp-content\/uploads\/2022\/02\/6GDTGCN.png 912w, https:\/\/www.sl-soft.de\/wp-content\/uploads\/2022\/02\/6GDTGCN-15x12.png 15w, https:\/\/www.sl-soft.de\/wp-content\/uploads\/2022\/02\/6GDTGCN-300x243.png 300w, https:\/\/www.sl-soft.de\/wp-content\/uploads\/2022\/02\/6GDTGCN-768x623.png 768w\" sizes=\"(max-width: 912px) 100vw, 912px\" \/>\t\t\t\t\t\t\t\t\t\t\t\t\t\t\t<\/div>\n\t\t\t\t<\/div>\n\t\t\t\t<div class=\"elementor-element elementor-element-87e3c76 elementor-widget elementor-widget-video\" data-id=\"87e3c76\" data-element_type=\"widget\" data-settings=\"{&quot;youtube_url&quot;:&quot;https:\\\/\\\/youtu.be\\\/4ZujHmI_DgY&quot;,&quot;yt_privacy&quot;:&quot;yes&quot;,&quot;video_type&quot;:&quot;youtube&quot;,&quot;controls&quot;:&quot;yes&quot;}\" data-widget_type=\"video.default\">\n\t\t\t\t<div class=\"elementor-widget-container\">\n\t\t\t\t\t\t\t<div class=\"elementor-wrapper elementor-open-inline\">\n\t\t\t<div class=\"elementor-video\"><\/div>\t\t<\/div>\n\t\t\t\t\t\t<\/div>\n\t\t\t\t<\/div>\n\t\t\t\t\t<\/div>\n\t\t<\/div>\n\t\t\t\t\t<\/div>\n\t\t<\/section>\n\t\t\t\t<section class=\"elementor-section elementor-top-section elementor-element elementor-element-ad94a1f elementor-section-boxed elementor-section-height-default elementor-section-height-default\" data-id=\"ad94a1f\" data-element_type=\"section\">\n\t\t\t\t\t\t<div class=\"elementor-container elementor-column-gap-default\">\n\t\t\t\t\t<div class=\"elementor-column elementor-col-100 elementor-top-column elementor-element elementor-element-8675514\" data-id=\"8675514\" data-element_type=\"column\">\n\t\t\t<div class=\"elementor-widget-wrap elementor-element-populated\">\n\t\t\t\t\t\t<div class=\"elementor-element elementor-element-76e931d elementor-widget elementor-widget-spacer\" data-id=\"76e931d\" data-element_type=\"widget\" data-widget_type=\"spacer.default\">\n\t\t\t\t<div class=\"elementor-widget-container\">\n\t\t\t\t\t\t\t<div class=\"elementor-spacer\">\n\t\t\t<div class=\"elementor-spacer-inner\"><\/div>\n\t\t<\/div>\n\t\t\t\t\t\t<\/div>\n\t\t\t\t<\/div>\n\t\t\t\t\t<\/div>\n\t\t<\/div>\n\t\t\t\t\t<\/div>\n\t\t<\/section>\n\t\t\t\t<\/div>","protected":false},"excerpt":{"rendered":"<p>SimCity 4 Deluxe Edition (GOG \/ Mehrsprachig) Bezugsquelle: GOG mind. macOS 10.15.4 (Apple Silicon kompatibel) Wrapper herunterladen Hinweis:Es gibt nach wie vor noch eine Modding-Community f\u00fcr dieses Spiel. Zu nennen w\u00e4re hier z.B.&#8211; NAM Patch&#8211; Geb\u00e4ude, Strassen, etc. Der Wrapper ist f\u00fcr den NAM Patch bereits vorbereitet (4GB Patch sowie Java SDK ). Alle Mods&hellip;&nbsp;<a href=\"https:\/\/www.sl-soft.de\/en\/simcity-4-deluxe-edition\/\" class=\"\" rel=\"bookmark\">Read More &raquo;<span class=\"screen-reader-text\">SimCity 4 Deluxe Edition<\/span><\/a><\/p>","protected":false},"author":1,"featured_media":0,"parent":0,"menu_order":0,"comment_status":"closed","ping_status":"closed","template":"page-templates\/template-pagebuilder-full-width.php","meta":{"footnotes":""},"class_list":["post-1622","page","type-page","status-publish","hentry"],"_links":{"self":[{"href":"https:\/\/www.sl-soft.de\/en\/wp-json\/wp\/v2\/pages\/1622","targetHints":{"allow":["GET"]}}],"collection":[{"href":"https:\/\/www.sl-soft.de\/en\/wp-json\/wp\/v2\/pages"}],"about":[{"href":"https:\/\/www.sl-soft.de\/en\/wp-json\/wp\/v2\/types\/page"}],"author":[{"embeddable":true,"href":"https:\/\/www.sl-soft.de\/en\/wp-json\/wp\/v2\/users\/1"}],"replies":[{"embeddable":true,"href":"https:\/\/www.sl-soft.de\/en\/wp-json\/wp\/v2\/comments?post=1622"}],"version-history":[{"count":67,"href":"https:\/\/www.sl-soft.de\/en\/wp-json\/wp\/v2\/pages\/1622\/revisions"}],"predecessor-version":[{"id":1747,"href":"https:\/\/www.sl-soft.de\/en\/wp-json\/wp\/v2\/pages\/1622\/revisions\/1747"}],"wp:attachment":[{"href":"https:\/\/www.sl-soft.de\/en\/wp-json\/wp\/v2\/media?parent=1622"}],"curies":[{"name":"wp","href":"https:\/\/api.w.org\/{rel}","templated":true}]}}