{"id":1832,"date":"2022-04-08T13:45:27","date_gmt":"2022-04-08T11:45:27","guid":{"rendered":"https:\/\/www.sl-soft.de\/?page_id=1832"},"modified":"2022-06-01T16:30:57","modified_gmt":"2022-06-01T14:30:57","slug":"steam-wrapper","status":"publish","type":"page","link":"https:\/\/www.sl-soft.de\/en\/steam-wrapper\/","title":{"rendered":"Steam Wrapper"},"content":{"rendered":"<div data-elementor-type=\"wp-page\" data-elementor-id=\"1832\" class=\"elementor elementor-1832\">\n\t\t\t\t\t\t<section class=\"elementor-section elementor-top-section elementor-element elementor-element-484ee6b elementor-section-boxed elementor-section-height-default elementor-section-height-default\" data-id=\"484ee6b\" data-element_type=\"section\">\n\t\t\t\t\t\t<div class=\"elementor-container elementor-column-gap-default\">\n\t\t\t\t\t<div class=\"elementor-column elementor-col-100 elementor-top-column elementor-element elementor-element-59bed11\" data-id=\"59bed11\" data-element_type=\"column\">\n\t\t\t<div class=\"elementor-widget-wrap elementor-element-populated\">\n\t\t\t\t\t\t<div class=\"elementor-element elementor-element-643d0ea elementor-widget-divider--view-line elementor-widget elementor-widget-divider\" data-id=\"643d0ea\" data-element_type=\"widget\" data-widget_type=\"divider.default\">\n\t\t\t\t<div class=\"elementor-widget-container\">\n\t\t\t\t\t\t\t<div class=\"elementor-divider\">\n\t\t\t<span class=\"elementor-divider-separator\">\n\t\t\t\t\t\t<\/span>\n\t\t<\/div>\n\t\t\t\t\t\t<\/div>\n\t\t\t\t<\/div>\n\t\t\t\t\t<\/div>\n\t\t<\/div>\n\t\t\t\t\t<\/div>\n\t\t<\/section>\n\t\t\t\t<section class=\"elementor-section elementor-top-section elementor-element elementor-element-6076002 elementor-section-boxed elementor-section-height-default elementor-section-height-default\" data-id=\"6076002\" data-element_type=\"section\">\n\t\t\t\t\t\t<div class=\"elementor-container elementor-column-gap-default\">\n\t\t\t\t\t<div class=\"elementor-column elementor-col-50 elementor-top-column elementor-element elementor-element-2a0c7ef\" data-id=\"2a0c7ef\" data-element_type=\"column\">\n\t\t\t<div class=\"elementor-widget-wrap elementor-element-populated\">\n\t\t\t\t\t\t<div class=\"elementor-element elementor-element-deaae3e elementor-widget elementor-widget-heading\" data-id=\"deaae3e\" data-element_type=\"widget\" data-widget_type=\"heading.default\">\n\t\t\t\t<div class=\"elementor-widget-container\">\n\t\t\t\t\t<h1 class=\"elementor-heading-title elementor-size-default\">Steam Wrapper<\/h1>\t\t\t\t<\/div>\n\t\t\t\t<\/div>\n\t\t\t\t<div class=\"elementor-element elementor-element-34bf9b8 elementor-widget elementor-widget-text-editor\" data-id=\"34bf9b8\" data-element_type=\"widget\" data-widget_type=\"text-editor.default\">\n\t\t\t\t<div class=\"elementor-widget-container\">\n\t\t\t\t\t\t\t\t\t<p>(Windows 32 &amp; 64 Bit)<\/p>\t\t\t\t\t\t\t\t<\/div>\n\t\t\t\t<\/div>\n\t\t\t\t<div class=\"elementor-element elementor-element-2a9b5c1 elementor-widget elementor-widget-spacer\" data-id=\"2a9b5c1\" data-element_type=\"widget\" data-widget_type=\"spacer.default\">\n\t\t\t\t<div class=\"elementor-widget-container\">\n\t\t\t\t\t\t\t<div class=\"elementor-spacer\">\n\t\t\t<div class=\"elementor-spacer-inner\"><\/div>\n\t\t<\/div>\n\t\t\t\t\t\t<\/div>\n\t\t\t\t<\/div>\n\t\t\t\t\t<\/div>\n\t\t<\/div>\n\t\t\t\t<div class=\"elementor-column elementor-col-50 elementor-top-column elementor-element elementor-element-49d6ccd\" data-id=\"49d6ccd\" data-element_type=\"column\">\n\t\t\t<div class=\"elementor-widget-wrap elementor-element-populated\">\n\t\t\t\t\t\t<div class=\"elementor-element elementor-element-d684b9b elementor-widget elementor-widget-image\" data-id=\"d684b9b\" data-element_type=\"widget\" data-widget_type=\"image.default\">\n\t\t\t\t<div class=\"elementor-widget-container\">\n\t\t\t\t\t\t\t\t\t\t\t\t\t\t\t<img decoding=\"async\" width=\"155\" height=\"238\" src=\"https:\/\/www.sl-soft.de\/wp-content\/uploads\/2022\/02\/wine.png\" class=\"attachment-full size-full wp-image-1408\" alt=\"\" srcset=\"https:\/\/www.sl-soft.de\/wp-content\/uploads\/2022\/02\/wine.png 155w, https:\/\/www.sl-soft.de\/wp-content\/uploads\/2022\/02\/wine-8x12.png 8w\" sizes=\"(max-width: 155px) 100vw, 155px\" \/>\t\t\t\t\t\t\t\t\t\t\t\t\t\t\t<\/div>\n\t\t\t\t<\/div>\n\t\t\t\t\t<\/div>\n\t\t<\/div>\n\t\t\t\t\t<\/div>\n\t\t<\/section>\n\t\t\t\t<section class=\"elementor-section elementor-top-section elementor-element elementor-element-c4b3252 elementor-section-boxed elementor-section-height-default elementor-section-height-default\" data-id=\"c4b3252\" data-element_type=\"section\" data-settings=\"{&quot;background_background&quot;:&quot;classic&quot;,&quot;shape_divider_top&quot;:&quot;triangle&quot;}\">\n\t\t\t\t\t<div class=\"elementor-shape elementor-shape-top\" aria-hidden=\"true\" data-negative=\"false\">\n\t\t\t<svg xmlns=\"http:\/\/www.w3.org\/2000\/svg\" viewbox=\"0 0 1000 100\" preserveaspectratio=\"none\">\n\t<path class=\"elementor-shape-fill\" d=\"M500,98.9L0,6.1V0h1000v6.1L500,98.9z\"\/>\n<\/svg>\t\t<\/div>\n\t\t\t\t\t<div class=\"elementor-container elementor-column-gap-default\">\n\t\t\t\t\t<div class=\"elementor-column elementor-col-100 elementor-top-column elementor-element elementor-element-930633c\" data-id=\"930633c\" data-element_type=\"column\">\n\t\t\t<div class=\"elementor-widget-wrap elementor-element-populated\">\n\t\t\t\t\t\t<div class=\"elementor-element elementor-element-56d2cf8 elementor-widget elementor-widget-text-editor\" data-id=\"56d2cf8\" data-element_type=\"widget\" data-widget_type=\"text-editor.default\">\n\t\t\t\t<div class=\"elementor-widget-container\">\n\t\t\t\t\t\t\t\t\t<p>With this wrapper it is possible to run Steam in the Windows 32 or 64 (already contains DirectX 11) bit version under macOS. However, there is no guarantee that the Windows game will run in the end, since I can't test all the games Steam offers without first having to take out a loan. \ud83d\ude00\u00a0<\/p><p>The wrapper runs from macOS 10.15.4 and should theoretically also work with Apple Silicon. Due to the lack of such hardware I can't test it myself.<\/p><p>Either way, trying it out is required. With a very good chance your game will run in the end. For example, I've had success with the 64-bit wrapper with:<br \/><strong><br \/>&#8211; Nebuchadnezzar<br \/><\/strong><strong>- Industry Giant II<br \/>&#8211; Crossroads Inn<\/strong><br \/><strong>&#8211; Travellers Rest<\/strong><br \/><strong>&#8211; Winkeltje<br \/>&#8211; Patron<br \/>&#8211; Travellers Rest<\/strong><\/p><p>So just try it.\u00a0<\/p><p><a href=\"https:\/\/www.sl-soft.de\/extern\/software\/wrapper\/Steam_Win32.dmg\">Download Steam (Win 32 Bit)<\/a><br \/><a href=\"https:\/\/www.sl-soft.de\/extern\/software\/wrapper\/Steam_Win64.dmg\">Download Steam (Win 64 Bit)<\/a><\/p><p>Desweiteren habe ich &#8222;Steamcontrol&#8220; entwickelt mir dem es m\u00f6glich ist den Wrapper zu verwalten. Dort kannst Du, ohne \u00fcber das Steam-WebInterface gehen zu m\u00fcssen, ein bereits installiertes Spiel direkt starten. Desweiteren bietet Steamcontrol noch weitere Optionen.<\/p><ul><li>Keep Steam in the background while the game is running<\/li><li>Save saves and game settings in the user folder (Documents).<\/li><li>Quit all running Wine system processes (in case something freezes)<\/li><\/ul><p><a href=\"https:\/\/www.sl-soft.de\/extern\/software\/wrapper\/steamcontrol\/steamcontrol.zip\">Download Steamcontrol<\/a><\/p><p><img fetchpriority=\"high\" decoding=\"async\" class=\"alignnone wp-image-1850 size-full\" src=\"https:\/\/www.sl-soft.de\/wp-content\/uploads\/2022\/04\/Bildschirmfoto-2022-04-17-um-10.32.07.png\" alt=\"\" width=\"403\" height=\"471\" srcset=\"https:\/\/www.sl-soft.de\/wp-content\/uploads\/2022\/04\/Bildschirmfoto-2022-04-17-um-10.32.07.png 403w, https:\/\/www.sl-soft.de\/wp-content\/uploads\/2022\/04\/Bildschirmfoto-2022-04-17-um-10.32.07-10x12.png 10w, https:\/\/www.sl-soft.de\/wp-content\/uploads\/2022\/04\/Bildschirmfoto-2022-04-17-um-10.32.07-257x300.png 257w\" sizes=\"(max-width: 403px) 100vw, 403px\" \/><br \/>And now I wish you a lot of fun. \ud83d\ude42<\/p><p>An example video showing the installation of Nebuchadnezzar can be found here:<\/p>\t\t\t\t\t\t\t\t<\/div>\n\t\t\t\t<\/div>\n\t\t\t\t<div class=\"elementor-element elementor-element-45e147e elementor-widget elementor-widget-video\" data-id=\"45e147e\" data-element_type=\"widget\" data-settings=\"{&quot;youtube_url&quot;:&quot;https:\\\/\\\/www.youtube.com\\\/watch?v=JXl2abOdNnc&quot;,&quot;video_type&quot;:&quot;youtube&quot;,&quot;controls&quot;:&quot;yes&quot;}\" data-widget_type=\"video.default\">\n\t\t\t\t<div class=\"elementor-widget-container\">\n\t\t\t\t\t\t\t<div class=\"elementor-wrapper elementor-open-inline\">\n\t\t\t<div class=\"elementor-video\"><\/div>\t\t<\/div>\n\t\t\t\t\t\t<\/div>\n\t\t\t\t<\/div>\n\t\t\t\t\t<\/div>\n\t\t<\/div>\n\t\t\t\t\t<\/div>\n\t\t<\/section>\n\t\t\t\t<section class=\"elementor-section elementor-top-section elementor-element elementor-element-ad94a1f elementor-section-boxed elementor-section-height-default elementor-section-height-default\" data-id=\"ad94a1f\" data-element_type=\"section\">\n\t\t\t\t\t\t<div class=\"elementor-container elementor-column-gap-default\">\n\t\t\t\t\t<div class=\"elementor-column elementor-col-100 elementor-top-column elementor-element elementor-element-8675514\" data-id=\"8675514\" data-element_type=\"column\">\n\t\t\t<div class=\"elementor-widget-wrap elementor-element-populated\">\n\t\t\t\t\t\t<div class=\"elementor-element elementor-element-76e931d elementor-widget elementor-widget-spacer\" data-id=\"76e931d\" data-element_type=\"widget\" data-widget_type=\"spacer.default\">\n\t\t\t\t<div class=\"elementor-widget-container\">\n\t\t\t\t\t\t\t<div class=\"elementor-spacer\">\n\t\t\t<div class=\"elementor-spacer-inner\"><\/div>\n\t\t<\/div>\n\t\t\t\t\t\t<\/div>\n\t\t\t\t<\/div>\n\t\t\t\t\t<\/div>\n\t\t<\/div>\n\t\t\t\t\t<\/div>\n\t\t<\/section>\n\t\t\t\t<\/div>","protected":false},"excerpt":{"rendered":"<p>Steam Wrapper (Windows 32 &amp; 64 Bit) Mit diesem Wrapper ist es m\u00f6glich Steam in der Windows 32 oder 64 (enth\u00e4lt bereits DirectX 11) Bit Variante unter macOS zu betreiben. Allerdings gibt es keine Garantie daf\u00fcr, dass das Windows Spiel am Ende auch l\u00e4uft, da ich nat\u00fcrlich nicht alle Spiele die Steam anbietet testen kann&hellip;&nbsp;<a href=\"https:\/\/www.sl-soft.de\/en\/steam-wrapper\/\" class=\"\" rel=\"bookmark\">Read More &raquo;<span class=\"screen-reader-text\">Steam Wrapper<\/span><\/a><\/p>","protected":false},"author":1,"featured_media":0,"parent":0,"menu_order":0,"comment_status":"closed","ping_status":"closed","template":"page-templates\/template-pagebuilder-full-width.php","meta":{"footnotes":""},"class_list":["post-1832","page","type-page","status-publish","hentry"],"_links":{"self":[{"href":"https:\/\/www.sl-soft.de\/en\/wp-json\/wp\/v2\/pages\/1832","targetHints":{"allow":["GET"]}}],"collection":[{"href":"https:\/\/www.sl-soft.de\/en\/wp-json\/wp\/v2\/pages"}],"about":[{"href":"https:\/\/www.sl-soft.de\/en\/wp-json\/wp\/v2\/types\/page"}],"author":[{"embeddable":true,"href":"https:\/\/www.sl-soft.de\/en\/wp-json\/wp\/v2\/users\/1"}],"replies":[{"embeddable":true,"href":"https:\/\/www.sl-soft.de\/en\/wp-json\/wp\/v2\/comments?post=1832"}],"version-history":[{"count":46,"href":"https:\/\/www.sl-soft.de\/en\/wp-json\/wp\/v2\/pages\/1832\/revisions"}],"predecessor-version":[{"id":1883,"href":"https:\/\/www.sl-soft.de\/en\/wp-json\/wp\/v2\/pages\/1832\/revisions\/1883"}],"wp:attachment":[{"href":"https:\/\/www.sl-soft.de\/en\/wp-json\/wp\/v2\/media?parent=1832"}],"curies":[{"name":"wp","href":"https:\/\/api.w.org\/{rel}","templated":true}]}}