{"id":2061,"date":"2024-01-10T11:39:02","date_gmt":"2024-01-10T10:39:02","guid":{"rendered":"https:\/\/www.sl-soft.de\/?page_id=2061"},"modified":"2024-02-06T15:42:27","modified_gmt":"2024-02-06T14:42:27","slug":"serflings-gui","status":"publish","type":"page","link":"https:\/\/www.sl-soft.de\/en\/serflings-gui\/","title":{"rendered":"Serflings GUI"},"content":{"rendered":"<div data-elementor-type=\"wp-page\" data-elementor-id=\"2061\" class=\"elementor elementor-2061\">\n\t\t\t\t\t\t<section class=\"elementor-section elementor-top-section elementor-element elementor-element-484ee6b elementor-section-boxed elementor-section-height-default elementor-section-height-default\" data-id=\"484ee6b\" data-element_type=\"section\">\n\t\t\t\t\t\t<div class=\"elementor-container elementor-column-gap-default\">\n\t\t\t\t\t<div class=\"elementor-column elementor-col-100 elementor-top-column elementor-element elementor-element-59bed11\" data-id=\"59bed11\" data-element_type=\"column\">\n\t\t\t<div class=\"elementor-widget-wrap elementor-element-populated\">\n\t\t\t\t\t\t<div class=\"elementor-element elementor-element-643d0ea elementor-widget-divider--view-line elementor-widget elementor-widget-divider\" data-id=\"643d0ea\" data-element_type=\"widget\" data-widget_type=\"divider.default\">\n\t\t\t\t<div class=\"elementor-widget-container\">\n\t\t\t\t\t\t\t<div class=\"elementor-divider\">\n\t\t\t<span class=\"elementor-divider-separator\">\n\t\t\t\t\t\t<\/span>\n\t\t<\/div>\n\t\t\t\t\t\t<\/div>\n\t\t\t\t<\/div>\n\t\t\t\t\t<\/div>\n\t\t<\/div>\n\t\t\t\t\t<\/div>\n\t\t<\/section>\n\t\t\t\t<section class=\"elementor-section elementor-top-section elementor-element elementor-element-6076002 elementor-section-boxed elementor-section-height-default elementor-section-height-default\" data-id=\"6076002\" data-element_type=\"section\">\n\t\t\t\t\t\t<div class=\"elementor-container elementor-column-gap-default\">\n\t\t\t\t\t<div class=\"elementor-column elementor-col-50 elementor-top-column elementor-element elementor-element-2a0c7ef\" data-id=\"2a0c7ef\" data-element_type=\"column\">\n\t\t\t<div class=\"elementor-widget-wrap elementor-element-populated\">\n\t\t\t\t\t\t<div class=\"elementor-element elementor-element-deaae3e elementor-widget elementor-widget-heading\" data-id=\"deaae3e\" data-element_type=\"widget\" data-widget_type=\"heading.default\">\n\t\t\t\t<div class=\"elementor-widget-container\">\n\t\t\t\t\t<h1 class=\"elementor-heading-title elementor-size-default\">Serflings GUI<\/h1>\t\t\t\t<\/div>\n\t\t\t\t<\/div>\n\t\t\t\t<div class=\"elementor-element elementor-element-34bf9b8 elementor-widget elementor-widget-text-editor\" data-id=\"34bf9b8\" data-element_type=\"widget\" data-widget_type=\"text-editor.default\">\n\t\t\t\t<div class=\"elementor-widget-container\">\n\t\t\t\t\t\t\t\t\t<p>All-in-one bundle for convenient use of the Settlers 1 remake from the Serflings project.<\/p>\t\t\t\t\t\t\t\t<\/div>\n\t\t\t\t<\/div>\n\t\t\t\t<div class=\"elementor-element elementor-element-2a9b5c1 elementor-widget elementor-widget-spacer\" data-id=\"2a9b5c1\" data-element_type=\"widget\" data-widget_type=\"spacer.default\">\n\t\t\t\t<div class=\"elementor-widget-container\">\n\t\t\t\t\t\t\t<div class=\"elementor-spacer\">\n\t\t\t<div class=\"elementor-spacer-inner\"><\/div>\n\t\t<\/div>\n\t\t\t\t\t\t<\/div>\n\t\t\t\t<\/div>\n\t\t\t\t\t<\/div>\n\t\t<\/div>\n\t\t\t\t<div class=\"elementor-column elementor-col-50 elementor-top-column elementor-element elementor-element-49d6ccd\" data-id=\"49d6ccd\" data-element_type=\"column\">\n\t\t\t<div class=\"elementor-widget-wrap elementor-element-populated\">\n\t\t\t\t\t\t<div class=\"elementor-element elementor-element-d684b9b elementor-widget elementor-widget-image\" data-id=\"d684b9b\" data-element_type=\"widget\" data-widget_type=\"image.default\">\n\t\t\t\t<div class=\"elementor-widget-container\">\n\t\t\t\t\t\t\t\t\t\t\t\t\t\t\t<img decoding=\"async\" src=\"https:\/\/www.sl-soft.de\/wp-content\/uploads\/elementor\/thumbs\/Serflings-qi3p1v77163rycjmg5dmet3jzuh8s56ntr75sn8vrk.png\" title=\"Serflings\" alt=\"Serflings\" loading=\"lazy\" \/>\t\t\t\t\t\t\t\t\t\t\t\t\t\t\t<\/div>\n\t\t\t\t<\/div>\n\t\t\t\t\t<\/div>\n\t\t<\/div>\n\t\t\t\t\t<\/div>\n\t\t<\/section>\n\t\t\t\t<section class=\"elementor-section elementor-top-section elementor-element elementor-element-c4b3252 elementor-section-boxed elementor-section-height-default elementor-section-height-default\" data-id=\"c4b3252\" data-element_type=\"section\" data-settings=\"{&quot;background_background&quot;:&quot;classic&quot;,&quot;shape_divider_top&quot;:&quot;triangle&quot;}\">\n\t\t\t\t\t<div class=\"elementor-shape elementor-shape-top\" aria-hidden=\"true\" data-negative=\"false\">\n\t\t\t<svg xmlns=\"http:\/\/www.w3.org\/2000\/svg\" viewbox=\"0 0 1000 100\" preserveaspectratio=\"none\">\n\t<path class=\"elementor-shape-fill\" d=\"M500,98.9L0,6.1V0h1000v6.1L500,98.9z\"\/>\n<\/svg>\t\t<\/div>\n\t\t\t\t\t<div class=\"elementor-container elementor-column-gap-default\">\n\t\t\t\t\t<div class=\"elementor-column elementor-col-100 elementor-top-column elementor-element elementor-element-930633c\" data-id=\"930633c\" data-element_type=\"column\">\n\t\t\t<div class=\"elementor-widget-wrap elementor-element-populated\">\n\t\t\t\t\t\t<div class=\"elementor-element elementor-element-56d2cf8 elementor-widget elementor-widget-text-editor\" data-id=\"56d2cf8\" data-element_type=\"widget\" data-widget_type=\"text-editor.default\">\n\t\t\t\t<div class=\"elementor-widget-container\">\n\t\t\t\t\t\t\t\t\t<div><p>Michael Eberlein's \"Serflings\" is a loving remake (which is based on Java) of the legendary Settlers 1, which comes up with additional options that were not available in the original. One notable feature is the ability to play against each other in a network, which adds a whole new dimension to the game. More details about the Serflings project can be found in its <a href=\"https:\/\/www.simpleguide.net\/sg\/serflings.jsf\" target=\"_blank\" rel=\"noopener\">Website<\/a> .<\/p><p>To make this remake as easy to use as possible, I have developed a user-friendly GUI especially for macOS. A big advantage is that no additional Java installation is required. With just one file from the original game, you can dive straight into the action. A small building guide and an overview of the keyboard shortcuts are also included.<\/p><p><span style=\"letter-spacing: 0px;\">There is also the option of playing the much better sounding Amiga music instead of the DOS version.<\/span><\/p><p>My Serflings GUI also offers the option of conveniently switching between the stable version and the nightly build version. This allows you to always explore the latest developments and features of the game and at the same time fall back on a reliable and established version if desired.<\/p><p>Experience Settlers 1 in new (old) splendor with Serflings - simple, accessible and with exciting features that enhance the original game.<\/p><\/div><h3 style=\"text-align: center;\"><a href=\"https:\/\/www.sl-soft.de\/extern\/software\/serflings\/serflings.zip\"><strong>&gt;&gt;&gt; Download (mind. 10.14) Intel+ARM64 (U2B) &lt;&lt;&lt;<\/strong><\/a><\/h3>\t\t\t\t\t\t\t\t<\/div>\n\t\t\t\t<\/div>\n\t\t\t\t<div class=\"elementor-element elementor-element-ff03513 elementor-widget elementor-widget-image\" data-id=\"ff03513\" data-element_type=\"widget\" data-widget_type=\"image.default\">\n\t\t\t\t<div class=\"elementor-widget-container\">\n\t\t\t\t\t\t\t\t\t\t\t\t\t\t\t<img fetchpriority=\"high\" decoding=\"async\" width=\"450\" height=\"486\" src=\"https:\/\/www.sl-soft.de\/wp-content\/uploads\/2024\/01\/Bildschirmfoto-2024-01-16-um-13.29.52.png\" class=\"attachment-large size-large wp-image-2093\" alt=\"\" srcset=\"https:\/\/www.sl-soft.de\/wp-content\/uploads\/2024\/01\/Bildschirmfoto-2024-01-16-um-13.29.52.png 450w, https:\/\/www.sl-soft.de\/wp-content\/uploads\/2024\/01\/Bildschirmfoto-2024-01-16-um-13.29.52-11x12.png 11w, https:\/\/www.sl-soft.de\/wp-content\/uploads\/2024\/01\/Bildschirmfoto-2024-01-16-um-13.29.52-278x300.png 278w\" sizes=\"(max-width: 450px) 100vw, 450px\" \/>\t\t\t\t\t\t\t\t\t\t\t\t\t\t\t<\/div>\n\t\t\t\t<\/div>\n\t\t\t\t<div class=\"elementor-element elementor-element-5395eac elementor-widget elementor-widget-text-editor\" data-id=\"5395eac\" data-element_type=\"widget\" data-widget_type=\"text-editor.default\">\n\t\t\t\t<div class=\"elementor-widget-container\">\n\t\t\t\t\t\t\t\t\t<p><strong>Features of the GUI<\/strong><\/p><p>- Choice between stable and nightly build release<br \/>- Building overview with brief explanation<br \/>- Overview of keyboard shortcuts in the game<br \/>- Online Chat Function<\/p>\t\t\t\t\t\t\t\t<\/div>\n\t\t\t\t<\/div>\n\t\t\t\t<div class=\"elementor-element elementor-element-660dc79 elementor-widget elementor-widget-image\" data-id=\"660dc79\" data-element_type=\"widget\" data-widget_type=\"image.default\">\n\t\t\t\t<div class=\"elementor-widget-container\">\n\t\t\t\t\t\t\t\t\t\t\t\t\t\t\t<img decoding=\"async\" width=\"916\" height=\"471\" src=\"https:\/\/www.sl-soft.de\/wp-content\/uploads\/2024\/01\/Bildschirmfoto-2024-01-16-um-13.30.14.png\" class=\"attachment-large size-large wp-image-2094\" alt=\"\" srcset=\"https:\/\/www.sl-soft.de\/wp-content\/uploads\/2024\/01\/Bildschirmfoto-2024-01-16-um-13.30.14.png 916w, https:\/\/www.sl-soft.de\/wp-content\/uploads\/2024\/01\/Bildschirmfoto-2024-01-16-um-13.30.14-18x9.png 18w, https:\/\/www.sl-soft.de\/wp-content\/uploads\/2024\/01\/Bildschirmfoto-2024-01-16-um-13.30.14-300x154.png 300w, https:\/\/www.sl-soft.de\/wp-content\/uploads\/2024\/01\/Bildschirmfoto-2024-01-16-um-13.30.14-768x395.png 768w\" sizes=\"(max-width: 916px) 100vw, 916px\" \/>\t\t\t\t\t\t\t\t\t\t\t\t\t\t\t<\/div>\n\t\t\t\t<\/div>\n\t\t\t\t\t<\/div>\n\t\t<\/div>\n\t\t\t\t\t<\/div>\n\t\t<\/section>\n\t\t\t\t<section class=\"elementor-section elementor-top-section elementor-element elementor-element-bef1be0 elementor-section-boxed elementor-section-height-default elementor-section-height-default\" data-id=\"bef1be0\" data-element_type=\"section\">\n\t\t\t\t\t\t<div class=\"elementor-container elementor-column-gap-default\">\n\t\t\t\t\t<div class=\"elementor-column elementor-col-100 elementor-top-column elementor-element elementor-element-27c9146\" data-id=\"27c9146\" data-element_type=\"column\">\n\t\t\t<div class=\"elementor-widget-wrap\">\n\t\t\t\t\t\t\t<\/div>\n\t\t<\/div>\n\t\t\t\t\t<\/div>\n\t\t<\/section>\n\t\t\t\t<\/div>","protected":false},"excerpt":{"rendered":"<p>Serflings GUI All-in-One Bundle f\u00fcr die bequeme Nutzung des Siedler 1 Remakes aus dem Serflings-Projekt. Michael Eberlein&#8217;s &#8222;Serflings&#8220; ist ein liebevolles Remake (welches auf Java beruht) des legend\u00e4ren Siedler 1, die mit zus\u00e4tzlichen Optionen aufwartet, die im Original nicht vorhanden waren. Ein bemerkenswertes Feature ist die M\u00f6glichkeit, im Netzwerk gegeneinander zu spielen, was dem Spiel&hellip;&nbsp;<a href=\"https:\/\/www.sl-soft.de\/en\/serflings-gui\/\" class=\"\" rel=\"bookmark\">Read More &raquo;<span class=\"screen-reader-text\">Serflings GUI<\/span><\/a><\/p>","protected":false},"author":1,"featured_media":0,"parent":0,"menu_order":0,"comment_status":"closed","ping_status":"closed","template":"page-templates\/template-pagebuilder-full-width.php","meta":{"footnotes":""},"class_list":["post-2061","page","type-page","status-publish","hentry"],"_links":{"self":[{"href":"https:\/\/www.sl-soft.de\/en\/wp-json\/wp\/v2\/pages\/2061","targetHints":{"allow":["GET"]}}],"collection":[{"href":"https:\/\/www.sl-soft.de\/en\/wp-json\/wp\/v2\/pages"}],"about":[{"href":"https:\/\/www.sl-soft.de\/en\/wp-json\/wp\/v2\/types\/page"}],"author":[{"embeddable":true,"href":"https:\/\/www.sl-soft.de\/en\/wp-json\/wp\/v2\/users\/1"}],"replies":[{"embeddable":true,"href":"https:\/\/www.sl-soft.de\/en\/wp-json\/wp\/v2\/comments?post=2061"}],"version-history":[{"count":52,"href":"https:\/\/www.sl-soft.de\/en\/wp-json\/wp\/v2\/pages\/2061\/revisions"}],"predecessor-version":[{"id":2128,"href":"https:\/\/www.sl-soft.de\/en\/wp-json\/wp\/v2\/pages\/2061\/revisions\/2128"}],"wp:attachment":[{"href":"https:\/\/www.sl-soft.de\/en\/wp-json\/wp\/v2\/media?parent=2061"}],"curies":[{"name":"wp","href":"https:\/\/api.w.org\/{rel}","templated":true}]}}