{"id":2135,"date":"2024-05-14T12:11:29","date_gmt":"2024-05-14T10:11:29","guid":{"rendered":"https:\/\/www.sl-soft.de\/?page_id=2135"},"modified":"2024-05-14T14:55:14","modified_gmt":"2024-05-14T12:55:14","slug":"secure-pipes","status":"publish","type":"page","link":"https:\/\/www.sl-soft.de\/en\/secure-pipes\/","title":{"rendered":"Secure Pipes"},"content":{"rendered":"<div data-elementor-type=\"wp-page\" data-elementor-id=\"2135\" class=\"elementor elementor-2135\">\n\t\t\t\t\t\t<section class=\"elementor-section elementor-top-section elementor-element elementor-element-484ee6b elementor-section-boxed elementor-section-height-default elementor-section-height-default\" data-id=\"484ee6b\" data-element_type=\"section\">\n\t\t\t\t\t\t<div class=\"elementor-container elementor-column-gap-default\">\n\t\t\t\t\t<div class=\"elementor-column elementor-col-100 elementor-top-column elementor-element elementor-element-59bed11\" data-id=\"59bed11\" data-element_type=\"column\">\n\t\t\t<div class=\"elementor-widget-wrap elementor-element-populated\">\n\t\t\t\t\t\t<div class=\"elementor-element elementor-element-643d0ea elementor-widget-divider--view-line elementor-widget elementor-widget-divider\" data-id=\"643d0ea\" data-element_type=\"widget\" data-widget_type=\"divider.default\">\n\t\t\t\t<div class=\"elementor-widget-container\">\n\t\t\t\t\t\t\t<div class=\"elementor-divider\">\n\t\t\t<span class=\"elementor-divider-separator\">\n\t\t\t\t\t\t<\/span>\n\t\t<\/div>\n\t\t\t\t\t\t<\/div>\n\t\t\t\t<\/div>\n\t\t\t\t\t<\/div>\n\t\t<\/div>\n\t\t\t\t\t<\/div>\n\t\t<\/section>\n\t\t\t\t<section class=\"elementor-section elementor-top-section elementor-element elementor-element-6076002 elementor-section-boxed elementor-section-height-default elementor-section-height-default\" data-id=\"6076002\" data-element_type=\"section\">\n\t\t\t\t\t\t<div class=\"elementor-container elementor-column-gap-default\">\n\t\t\t\t\t<div class=\"elementor-column elementor-col-50 elementor-top-column elementor-element elementor-element-2a0c7ef\" data-id=\"2a0c7ef\" data-element_type=\"column\">\n\t\t\t<div class=\"elementor-widget-wrap elementor-element-populated\">\n\t\t\t\t\t\t<div class=\"elementor-element elementor-element-deaae3e elementor-widget elementor-widget-heading\" data-id=\"deaae3e\" data-element_type=\"widget\" data-widget_type=\"heading.default\">\n\t\t\t\t<div class=\"elementor-widget-container\">\n\t\t\t\t\t<h1 class=\"elementor-heading-title elementor-size-default\">Secure Pipes<\/h1>\t\t\t\t<\/div>\n\t\t\t\t<\/div>\n\t\t\t\t<div class=\"elementor-element elementor-element-34bf9b8 elementor-widget elementor-widget-text-editor\" data-id=\"34bf9b8\" data-element_type=\"widget\" data-widget_type=\"text-editor.default\">\n\t\t\t\t<div class=\"elementor-widget-container\">\n\t\t\t\t\t\t\t\t\t<p>SSH-Tunnel ... the easy way<\/p>\t\t\t\t\t\t\t\t<\/div>\n\t\t\t\t<\/div>\n\t\t\t\t<div class=\"elementor-element elementor-element-2a9b5c1 elementor-widget elementor-widget-spacer\" data-id=\"2a9b5c1\" data-element_type=\"widget\" data-widget_type=\"spacer.default\">\n\t\t\t\t<div class=\"elementor-widget-container\">\n\t\t\t\t\t\t\t<div class=\"elementor-spacer\">\n\t\t\t<div class=\"elementor-spacer-inner\"><\/div>\n\t\t<\/div>\n\t\t\t\t\t\t<\/div>\n\t\t\t\t<\/div>\n\t\t\t\t\t<\/div>\n\t\t<\/div>\n\t\t\t\t<div class=\"elementor-column elementor-col-50 elementor-top-column elementor-element elementor-element-49d6ccd\" data-id=\"49d6ccd\" data-element_type=\"column\">\n\t\t\t<div class=\"elementor-widget-wrap elementor-element-populated\">\n\t\t\t\t\t\t<div class=\"elementor-element elementor-element-d684b9b elementor-widget elementor-widget-image\" data-id=\"d684b9b\" data-element_type=\"widget\" data-widget_type=\"image.default\">\n\t\t\t\t<div class=\"elementor-widget-container\">\n\t\t\t\t\t\t\t\t\t\t\t\t\t\t\t<img decoding=\"async\" src=\"https:\/\/www.sl-soft.de\/wp-content\/uploads\/elementor\/thumbs\/SecurePipes-qo57qd4gxa3z1cj76f3qqouhkx39x5i13h0lkimyfk.png\" title=\"SecurePipes\" alt=\"SecurePipes\" loading=\"lazy\" \/>\t\t\t\t\t\t\t\t\t\t\t\t\t\t\t<\/div>\n\t\t\t\t<\/div>\n\t\t\t\t\t<\/div>\n\t\t<\/div>\n\t\t\t\t\t<\/div>\n\t\t<\/section>\n\t\t\t\t<section class=\"elementor-section elementor-top-section elementor-element elementor-element-c4b3252 elementor-section-boxed elementor-section-height-default elementor-section-height-default\" data-id=\"c4b3252\" data-element_type=\"section\" data-settings=\"{&quot;background_background&quot;:&quot;classic&quot;,&quot;shape_divider_top&quot;:&quot;triangle&quot;}\">\n\t\t\t\t\t<div class=\"elementor-shape elementor-shape-top\" aria-hidden=\"true\" data-negative=\"false\">\n\t\t\t<svg xmlns=\"http:\/\/www.w3.org\/2000\/svg\" viewbox=\"0 0 1000 100\" preserveaspectratio=\"none\">\n\t<path class=\"elementor-shape-fill\" d=\"M500,98.9L0,6.1V0h1000v6.1L500,98.9z\"\/>\n<\/svg>\t\t<\/div>\n\t\t\t\t\t<div class=\"elementor-container elementor-column-gap-default\">\n\t\t\t\t\t<div class=\"elementor-column elementor-col-100 elementor-top-column elementor-element elementor-element-930633c\" data-id=\"930633c\" data-element_type=\"column\">\n\t\t\t<div class=\"elementor-widget-wrap elementor-element-populated\">\n\t\t\t\t\t\t<div class=\"elementor-element elementor-element-56d2cf8 elementor-widget elementor-widget-text-editor\" data-id=\"56d2cf8\" data-element_type=\"widget\" data-widget_type=\"text-editor.default\">\n\t\t\t\t<div class=\"elementor-widget-container\">\n\t\t\t\t\t\t\t\t\t<div><p>On the website <a href=\"https:\/\/www.opoet.com\/pyro\/\" target=\"_blank\" rel=\"noopener\">opoet.com<\/a> there is a great SSH tunnel application whose development was unfortunately discontinued a few years ago. I have now taken on this project and adapted it for the latest macOS versions and made some small functional improvements. Of course the application runs smoothly on Intel and Apple Silicon devices (U2B).<\/p><p>Further details about the app can be found on the aforementioned website. I would particularly like to emphasize that most of the work was done by opeot.com (you don't want to adorn yourself with other people's feathers, do you? <span class=\"x19la9d6 x1fc57z9 x6ikm8r x10wlt62 x19co3pv x1g5zs5t xfibh0p xiy17q3 x1xsqp64 x1lkfr7t xexx8yu x4uap5 x18d9i69 xkhd6sd\"><span class=\"xrtxmta x1bhl96m\"><img decoding=\"async\" class=\"emoji\" role=\"img\" draggable=\"false\" src=\"https:\/\/s.w.org\/images\/core\/emoji\/14.0.0\/svg\/1f642.svg\" alt=\"\ud83d\ude42\" \/><\/span><\/span>).\u00a0<\/p><\/div><p style=\"text-align: center;\">You can find the download link to my version here:<br \/><a href=\"https:\/\/www.sl-soft.de\/extern\/software\/secure-pipes\/secure-pipes.zip\"><strong>&gt;&gt;&gt; Download (mind. 10.15) Intel+ARM64 (U2B) &lt;&lt;&lt;<\/strong><\/a><\/p>\t\t\t\t\t\t\t\t<\/div>\n\t\t\t\t<\/div>\n\t\t\t\t<div class=\"elementor-element elementor-element-ff03513 elementor-widget elementor-widget-image\" data-id=\"ff03513\" data-element_type=\"widget\" data-widget_type=\"image.default\">\n\t\t\t\t<div class=\"elementor-widget-container\">\n\t\t\t\t\t\t\t\t\t\t\t\t\t\t\t<img fetchpriority=\"high\" decoding=\"async\" width=\"672\" height=\"519\" src=\"https:\/\/www.sl-soft.de\/wp-content\/uploads\/2024\/05\/Bildschirmfoto-2024-05-14-um-12.40.12.png\" class=\"attachment-large size-large wp-image-2167\" alt=\"\" srcset=\"https:\/\/www.sl-soft.de\/wp-content\/uploads\/2024\/05\/Bildschirmfoto-2024-05-14-um-12.40.12.png 672w, https:\/\/www.sl-soft.de\/wp-content\/uploads\/2024\/05\/Bildschirmfoto-2024-05-14-um-12.40.12-16x12.png 16w, https:\/\/www.sl-soft.de\/wp-content\/uploads\/2024\/05\/Bildschirmfoto-2024-05-14-um-12.40.12-300x232.png 300w\" sizes=\"(max-width: 672px) 100vw, 672px\" \/>\t\t\t\t\t\t\t\t\t\t\t\t\t\t\t<\/div>\n\t\t\t\t<\/div>\n\t\t\t\t<div class=\"elementor-element elementor-element-4676f87 elementor-widget elementor-widget-image\" data-id=\"4676f87\" data-element_type=\"widget\" data-widget_type=\"image.default\">\n\t\t\t\t<div class=\"elementor-widget-container\">\n\t\t\t\t\t\t\t\t\t\t\t\t\t\t\t<img decoding=\"async\" width=\"672\" height=\"371\" src=\"https:\/\/www.sl-soft.de\/wp-content\/uploads\/2024\/05\/Bildschirmfoto-2024-05-14-um-12.42.31.png\" class=\"attachment-large size-large wp-image-2169\" alt=\"\" srcset=\"https:\/\/www.sl-soft.de\/wp-content\/uploads\/2024\/05\/Bildschirmfoto-2024-05-14-um-12.42.31.png 672w, https:\/\/www.sl-soft.de\/wp-content\/uploads\/2024\/05\/Bildschirmfoto-2024-05-14-um-12.42.31-18x10.png 18w, https:\/\/www.sl-soft.de\/wp-content\/uploads\/2024\/05\/Bildschirmfoto-2024-05-14-um-12.42.31-300x166.png 300w\" sizes=\"(max-width: 672px) 100vw, 672px\" \/>\t\t\t\t\t\t\t\t\t\t\t\t\t\t\t<\/div>\n\t\t\t\t<\/div>\n\t\t\t\t<div class=\"elementor-element elementor-element-07c94ce elementor-widget elementor-widget-image\" data-id=\"07c94ce\" data-element_type=\"widget\" data-widget_type=\"image.default\">\n\t\t\t\t<div class=\"elementor-widget-container\">\n\t\t\t\t\t\t\t\t\t\t\t\t\t\t\t<img decoding=\"async\" width=\"738\" height=\"519\" src=\"https:\/\/www.sl-soft.de\/wp-content\/uploads\/2024\/05\/Bildschirmfoto-2024-05-14-um-12.44.22.png\" class=\"attachment-large size-large wp-image-2176\" alt=\"\" srcset=\"https:\/\/www.sl-soft.de\/wp-content\/uploads\/2024\/05\/Bildschirmfoto-2024-05-14-um-12.44.22.png 738w, https:\/\/www.sl-soft.de\/wp-content\/uploads\/2024\/05\/Bildschirmfoto-2024-05-14-um-12.44.22-18x12.png 18w, https:\/\/www.sl-soft.de\/wp-content\/uploads\/2024\/05\/Bildschirmfoto-2024-05-14-um-12.44.22-300x211.png 300w\" sizes=\"(max-width: 738px) 100vw, 738px\" \/>\t\t\t\t\t\t\t\t\t\t\t\t\t\t\t<\/div>\n\t\t\t\t<\/div>\n\t\t\t\t<div class=\"elementor-element elementor-element-9148c89 elementor-widget elementor-widget-image\" data-id=\"9148c89\" data-element_type=\"widget\" data-widget_type=\"image.default\">\n\t\t\t\t<div class=\"elementor-widget-container\">\n\t\t\t\t\t\t\t\t\t\t\t\t\t\t\t<img loading=\"lazy\" decoding=\"async\" width=\"247\" height=\"241\" src=\"https:\/\/www.sl-soft.de\/wp-content\/uploads\/2024\/05\/Bildschirmfoto-2024-05-14-um-12.41.40.png\" class=\"attachment-large size-large wp-image-2168\" alt=\"\" srcset=\"https:\/\/www.sl-soft.de\/wp-content\/uploads\/2024\/05\/Bildschirmfoto-2024-05-14-um-12.41.40.png 247w, https:\/\/www.sl-soft.de\/wp-content\/uploads\/2024\/05\/Bildschirmfoto-2024-05-14-um-12.41.40-12x12.png 12w\" sizes=\"(max-width: 247px) 100vw, 247px\" \/>\t\t\t\t\t\t\t\t\t\t\t\t\t\t\t<\/div>\n\t\t\t\t<\/div>\n\t\t\t\t\t<\/div>\n\t\t<\/div>\n\t\t\t\t\t<\/div>\n\t\t<\/section>\n\t\t\t\t<section class=\"elementor-section elementor-top-section elementor-element elementor-element-bef1be0 elementor-section-boxed elementor-section-height-default elementor-section-height-default\" data-id=\"bef1be0\" data-element_type=\"section\">\n\t\t\t\t\t\t<div class=\"elementor-container elementor-column-gap-default\">\n\t\t\t\t\t<div class=\"elementor-column elementor-col-100 elementor-top-column elementor-element elementor-element-27c9146\" data-id=\"27c9146\" data-element_type=\"column\">\n\t\t\t<div class=\"elementor-widget-wrap\">\n\t\t\t\t\t\t\t<\/div>\n\t\t<\/div>\n\t\t\t\t\t<\/div>\n\t\t<\/section>\n\t\t\t\t<\/div>","protected":false},"excerpt":{"rendered":"<p>Secure Pipes SSH-Tunnel ganz einfach Auf der Web-Seite von opoet.com gibt es eine gro\u00dfartige SSH Tunnel Applikation, deren Entwicklung leider vor ein paar Jahren eingestellt wurde. Ich habe mich nun diesem Projekt angenommen und es f\u00fcr die neuesten macOS Versionen angepasst sowie einige kleine Funktionsverbesserungen vorgenommen. Selbstverst\u00e4ndlich l\u00e4uft die Applikation reibungslos auf Intel- und Apple&hellip;&nbsp;<a href=\"https:\/\/www.sl-soft.de\/en\/secure-pipes\/\" class=\"\" rel=\"bookmark\">Read More &raquo;<span class=\"screen-reader-text\">Secure Pipes<\/span><\/a><\/p>","protected":false},"author":1,"featured_media":0,"parent":0,"menu_order":0,"comment_status":"closed","ping_status":"closed","template":"page-templates\/template-pagebuilder-full-width.php","meta":{"footnotes":""},"class_list":["post-2135","page","type-page","status-publish","hentry"],"_links":{"self":[{"href":"https:\/\/www.sl-soft.de\/en\/wp-json\/wp\/v2\/pages\/2135","targetHints":{"allow":["GET"]}}],"collection":[{"href":"https:\/\/www.sl-soft.de\/en\/wp-json\/wp\/v2\/pages"}],"about":[{"href":"https:\/\/www.sl-soft.de\/en\/wp-json\/wp\/v2\/types\/page"}],"author":[{"embeddable":true,"href":"https:\/\/www.sl-soft.de\/en\/wp-json\/wp\/v2\/users\/1"}],"replies":[{"embeddable":true,"href":"https:\/\/www.sl-soft.de\/en\/wp-json\/wp\/v2\/comments?post=2135"}],"version-history":[{"count":34,"href":"https:\/\/www.sl-soft.de\/en\/wp-json\/wp\/v2\/pages\/2135\/revisions"}],"predecessor-version":[{"id":2179,"href":"https:\/\/www.sl-soft.de\/en\/wp-json\/wp\/v2\/pages\/2135\/revisions\/2179"}],"wp:attachment":[{"href":"https:\/\/www.sl-soft.de\/en\/wp-json\/wp\/v2\/media?parent=2135"}],"curies":[{"name":"wp","href":"https:\/\/api.w.org\/{rel}","templated":true}]}}