{"id":2181,"date":"2024-08-25T21:15:56","date_gmt":"2024-08-25T19:15:56","guid":{"rendered":"https:\/\/www.sl-soft.de\/?page_id=2181"},"modified":"2024-08-25T21:26:03","modified_gmt":"2024-08-25T19:26:03","slug":"der-planer","status":"publish","type":"page","link":"https:\/\/www.sl-soft.de\/en\/der-planer\/","title":{"rendered":"Der Planer"},"content":{"rendered":"<div data-elementor-type=\"wp-page\" data-elementor-id=\"2181\" class=\"elementor elementor-2181\">\n\t\t\t\t\t\t<section class=\"elementor-section elementor-top-section elementor-element elementor-element-484ee6b elementor-section-boxed elementor-section-height-default elementor-section-height-default\" data-id=\"484ee6b\" data-element_type=\"section\">\n\t\t\t\t\t\t<div class=\"elementor-container elementor-column-gap-default\">\n\t\t\t\t\t<div class=\"elementor-column elementor-col-100 elementor-top-column elementor-element elementor-element-59bed11\" data-id=\"59bed11\" data-element_type=\"column\">\n\t\t\t<div class=\"elementor-widget-wrap elementor-element-populated\">\n\t\t\t\t\t\t<div class=\"elementor-element elementor-element-643d0ea elementor-widget-divider--view-line elementor-widget elementor-widget-divider\" data-id=\"643d0ea\" data-element_type=\"widget\" data-widget_type=\"divider.default\">\n\t\t\t\t<div class=\"elementor-widget-container\">\n\t\t\t\t\t\t\t<div class=\"elementor-divider\">\n\t\t\t<span class=\"elementor-divider-separator\">\n\t\t\t\t\t\t<\/span>\n\t\t<\/div>\n\t\t\t\t\t\t<\/div>\n\t\t\t\t<\/div>\n\t\t\t\t\t<\/div>\n\t\t<\/div>\n\t\t\t\t\t<\/div>\n\t\t<\/section>\n\t\t\t\t<section class=\"elementor-section elementor-top-section elementor-element elementor-element-6076002 elementor-section-boxed elementor-section-height-default elementor-section-height-default\" data-id=\"6076002\" data-element_type=\"section\">\n\t\t\t\t\t\t<div class=\"elementor-container elementor-column-gap-default\">\n\t\t\t\t\t<div class=\"elementor-column elementor-col-50 elementor-top-column elementor-element elementor-element-2a0c7ef\" data-id=\"2a0c7ef\" data-element_type=\"column\">\n\t\t\t<div class=\"elementor-widget-wrap elementor-element-populated\">\n\t\t\t\t\t\t<div class=\"elementor-element elementor-element-deaae3e elementor-widget elementor-widget-heading\" data-id=\"deaae3e\" data-element_type=\"widget\" data-widget_type=\"heading.default\">\n\t\t\t\t<div class=\"elementor-widget-container\">\n\t\t\t\t\t<h1 class=\"elementor-heading-title elementor-size-default\">Der Planer<\/h1>\t\t\t\t<\/div>\n\t\t\t\t<\/div>\n\t\t\t\t<div class=\"elementor-element elementor-element-34bf9b8 elementor-widget elementor-widget-text-editor\" data-id=\"34bf9b8\" data-element_type=\"widget\" data-widget_type=\"text-editor.default\">\n\t\t\t\t<div class=\"elementor-widget-container\">\n\t\t\t\t\t\t\t\t\t<p>Wirtschaftssimulation aus dem Jahr 1993<\/p>\t\t\t\t\t\t\t\t<\/div>\n\t\t\t\t<\/div>\n\t\t\t\t<div class=\"elementor-element elementor-element-2a9b5c1 elementor-widget elementor-widget-spacer\" data-id=\"2a9b5c1\" data-element_type=\"widget\" data-widget_type=\"spacer.default\">\n\t\t\t\t<div class=\"elementor-widget-container\">\n\t\t\t\t\t\t\t<div class=\"elementor-spacer\">\n\t\t\t<div class=\"elementor-spacer-inner\"><\/div>\n\t\t<\/div>\n\t\t\t\t\t\t<\/div>\n\t\t\t\t<\/div>\n\t\t\t\t\t<\/div>\n\t\t<\/div>\n\t\t\t\t<div class=\"elementor-column elementor-col-50 elementor-top-column elementor-element elementor-element-49d6ccd\" data-id=\"49d6ccd\" data-element_type=\"column\">\n\t\t\t<div class=\"elementor-widget-wrap elementor-element-populated\">\n\t\t\t\t\t\t<div class=\"elementor-element elementor-element-d684b9b elementor-widget elementor-widget-image\" data-id=\"d684b9b\" data-element_type=\"widget\" data-widget_type=\"image.default\">\n\t\t\t\t<div class=\"elementor-widget-container\">\n\t\t\t\t\t\t\t\t\t\t\t\t\t\t\t<img decoding=\"async\" src=\"https:\/\/www.sl-soft.de\/wp-content\/uploads\/elementor\/thumbs\/DerPlaner-qt558j6bsbvckcsxdnhttgoq96fmexay3n68vv91ao.png\" title=\"DerPlaner\" alt=\"DerPlaner\" loading=\"lazy\" \/>\t\t\t\t\t\t\t\t\t\t\t\t\t\t\t<\/div>\n\t\t\t\t<\/div>\n\t\t\t\t\t<\/div>\n\t\t<\/div>\n\t\t\t\t\t<\/div>\n\t\t<\/section>\n\t\t\t\t<section class=\"elementor-section elementor-top-section elementor-element elementor-element-c4b3252 elementor-section-boxed elementor-section-height-default elementor-section-height-default\" data-id=\"c4b3252\" data-element_type=\"section\" data-settings=\"{&quot;background_background&quot;:&quot;classic&quot;,&quot;shape_divider_top&quot;:&quot;triangle&quot;}\">\n\t\t\t\t\t<div class=\"elementor-shape elementor-shape-top\" aria-hidden=\"true\" data-negative=\"false\">\n\t\t\t<svg xmlns=\"http:\/\/www.w3.org\/2000\/svg\" viewbox=\"0 0 1000 100\" preserveaspectratio=\"none\">\n\t<path class=\"elementor-shape-fill\" d=\"M500,98.9L0,6.1V0h1000v6.1L500,98.9z\"\/>\n<\/svg>\t\t<\/div>\n\t\t\t\t\t<div class=\"elementor-container elementor-column-gap-default\">\n\t\t\t\t\t<div class=\"elementor-column elementor-col-100 elementor-top-column elementor-element elementor-element-930633c\" data-id=\"930633c\" data-element_type=\"column\">\n\t\t\t<div class=\"elementor-widget-wrap elementor-element-populated\">\n\t\t\t\t\t\t<div class=\"elementor-element elementor-element-56d2cf8 elementor-widget elementor-widget-text-editor\" data-id=\"56d2cf8\" data-element_type=\"widget\" data-widget_type=\"text-editor.default\">\n\t\t\t\t<div class=\"elementor-widget-container\">\n\t\t\t\t\t\t\t\t\t<p>&#8222;Der Planer&#8220; ist eine Wirtschaftssimulation aus dem Jahr 1993, entwickelt und ver\u00f6ffentlicht von Greenwood Entertainment. Das Spiel, das f\u00fcr MS-DOS erschien, versetzte die Spieler in die Rolle eines Speditionsunternehmers, der ein erfolgreiches Transportunternehmen aufbauen und managen muss. Dabei \u00fcbernimmt der Spieler die komplette Verantwortung f\u00fcr die Unternehmensf\u00fchrung, von der Planung von Transportauftr\u00e4gen \u00fcber das Management von Mitarbeitern bis hin zur Wartung von Fahrzeugen und der Finanzverwaltung.<\/p><p>Das Spiel zeichnet sich durch seine realistische Darstellung der Herausforderungen im Speditionsgesch\u00e4ft aus. Es gibt keine vorgegebenen Missionen oder Ziele; der Spieler muss durch geschickte Planung und strategisches Denken das Unternehmen zum Erfolg f\u00fchren. &#8222;Der Planer&#8220; war besonders in Deutschland sehr beliebt und hat \u00fcber die Jahre eine treue Fangemeinde gewonnen, was zu mehreren Fortsetzungen f\u00fchrte. Allerdings reichten die nachfolgenden &#8222;Der Planer&#8220; Spiele nicht mehr an das Ursprungsspiel heran.<\/p><p>Da das nicht mehr existierende &#8222;Greenwood Entertainment&#8220; seit Anfang der 2000er das Spiel kostenlos zum Download angeboten hat und um das Spielerlebnis auch auf modernen Systemen zug\u00e4nglich zu machen, habe ich einen macOS-Wrapper erstellt, der auf DOSBox-X basiert. Mit diesem Wrapper ist es m\u00f6glich, &#8222;Der Planer&#8220; mit einem einzigen Klick zu starten, ohne dass zus\u00e4tzliche Software installiert werden muss. Dieser Wrapper enth\u00e4lt alle drei Varianten des Spiels: &#8222;Der Planer&#8220;, &#8222;Der Planer Extra&#8220; und &#8222;Der Planer Gold&#8220;, sodass Fans und Neueinsteiger gleicherma\u00dfen die komplette &#8222;Der Planer&#8220;-Erfahrung genie\u00dfen k\u00f6nnen. Dies macht es einfacher denn je, in die Welt des Speditionsmanagements einzutauchen und die Klassiker der 90er Jahre erneut zu erleben.<\/p><h3 style=\"text-align: center;\"><a href=\"https:\/\/www.sl-soft.de\/extern\/software\/der_planer\/der_planer.zip\"><strong>&gt;&gt;&gt; Download (mind. 10.15) Intel+ARM64 (U2B) &lt;&lt;&lt;<\/strong><\/a><\/h3>\t\t\t\t\t\t\t\t<\/div>\n\t\t\t\t<\/div>\n\t\t\t\t<div class=\"elementor-element elementor-element-ff03513 elementor-widget elementor-widget-image\" data-id=\"ff03513\" data-element_type=\"widget\" data-widget_type=\"image.default\">\n\t\t\t\t<div class=\"elementor-widget-container\">\n\t\t\t\t\t\t\t\t\t\t\t\t\t\t\t<img fetchpriority=\"high\" decoding=\"async\" width=\"1024\" height=\"511\" src=\"https:\/\/www.sl-soft.de\/wp-content\/uploads\/2024\/08\/Bildschirmfoto-2024-08-25-um-21.11.09-1024x511.png\" class=\"attachment-large size-large wp-image-2190\" alt=\"\" srcset=\"https:\/\/www.sl-soft.de\/wp-content\/uploads\/2024\/08\/Bildschirmfoto-2024-08-25-um-21.11.09-1024x511.png 1024w, https:\/\/www.sl-soft.de\/wp-content\/uploads\/2024\/08\/Bildschirmfoto-2024-08-25-um-21.11.09-18x9.png 18w, https:\/\/www.sl-soft.de\/wp-content\/uploads\/2024\/08\/Bildschirmfoto-2024-08-25-um-21.11.09-300x150.png 300w, https:\/\/www.sl-soft.de\/wp-content\/uploads\/2024\/08\/Bildschirmfoto-2024-08-25-um-21.11.09-768x383.png 768w, https:\/\/www.sl-soft.de\/wp-content\/uploads\/2024\/08\/Bildschirmfoto-2024-08-25-um-21.11.09.png 1384w\" sizes=\"(max-width: 1024px) 100vw, 1024px\" \/>\t\t\t\t\t\t\t\t\t\t\t\t\t\t\t<\/div>\n\t\t\t\t<\/div>\n\t\t\t\t<div class=\"elementor-element elementor-element-93c150e elementor-widget elementor-widget-image\" data-id=\"93c150e\" data-element_type=\"widget\" data-widget_type=\"image.default\">\n\t\t\t\t<div class=\"elementor-widget-container\">\n\t\t\t\t\t\t\t\t\t\t\t\t\t\t\t<img decoding=\"async\" width=\"1024\" height=\"821\" src=\"https:\/\/www.sl-soft.de\/wp-content\/uploads\/2024\/08\/Bildschirmfoto-2024-08-25-um-21.17.47-1024x821.png\" class=\"attachment-large size-large wp-image-2197\" alt=\"\" srcset=\"https:\/\/www.sl-soft.de\/wp-content\/uploads\/2024\/08\/Bildschirmfoto-2024-08-25-um-21.17.47-1024x821.png 1024w, https:\/\/www.sl-soft.de\/wp-content\/uploads\/2024\/08\/Bildschirmfoto-2024-08-25-um-21.17.47-1536x1232.png 1536w, https:\/\/www.sl-soft.de\/wp-content\/uploads\/2024\/08\/Bildschirmfoto-2024-08-25-um-21.17.47-2048x1643.png 2048w, https:\/\/www.sl-soft.de\/wp-content\/uploads\/2024\/08\/Bildschirmfoto-2024-08-25-um-21.17.47-15x12.png 15w, https:\/\/www.sl-soft.de\/wp-content\/uploads\/2024\/08\/Bildschirmfoto-2024-08-25-um-21.17.47-300x241.png 300w, https:\/\/www.sl-soft.de\/wp-content\/uploads\/2024\/08\/Bildschirmfoto-2024-08-25-um-21.17.47-768x616.png 768w\" sizes=\"(max-width: 1024px) 100vw, 1024px\" \/>\t\t\t\t\t\t\t\t\t\t\t\t\t\t\t<\/div>\n\t\t\t\t<\/div>\n\t\t\t\t<div class=\"elementor-element elementor-element-5395eac elementor-widget elementor-widget-text-editor\" data-id=\"5395eac\" data-element_type=\"widget\" data-widget_type=\"text-editor.default\">\n\t\t\t\t<div class=\"elementor-widget-container\">\n\t\t\t\t\t\t\t\t\t<p><strong>Features of the GUI<\/strong><\/p><p>&#8211; Auswahl zwischen verschiedenen Spielvarianten<br \/>&#8211; Diverse Einstellungsm\u00f6glichkeiten der DosBOX<br \/>&#8211; Integrierte Handb\u00fccher f\u00fcr die entsprechende Variante<\/p>\t\t\t\t\t\t\t\t<\/div>\n\t\t\t\t<\/div>\n\t\t\t\t\t<\/div>\n\t\t<\/div>\n\t\t\t\t\t<\/div>\n\t\t<\/section>\n\t\t\t\t<section class=\"elementor-section elementor-top-section elementor-element elementor-element-bef1be0 elementor-section-boxed elementor-section-height-default elementor-section-height-default\" data-id=\"bef1be0\" data-element_type=\"section\">\n\t\t\t\t\t\t<div class=\"elementor-container elementor-column-gap-default\">\n\t\t\t\t\t<div class=\"elementor-column elementor-col-100 elementor-top-column elementor-element elementor-element-27c9146\" data-id=\"27c9146\" data-element_type=\"column\">\n\t\t\t<div class=\"elementor-widget-wrap\">\n\t\t\t\t\t\t\t<\/div>\n\t\t<\/div>\n\t\t\t\t\t<\/div>\n\t\t<\/section>\n\t\t\t\t<\/div>","protected":false},"excerpt":{"rendered":"<p>Der Planer Wirtschaftssimulation aus dem Jahr 1993 &#8222;Der Planer&#8220; ist eine Wirtschaftssimulation aus dem Jahr 1993, entwickelt und ver\u00f6ffentlicht von Greenwood Entertainment. Das Spiel, das f\u00fcr MS-DOS erschien, versetzte die Spieler in die Rolle eines Speditionsunternehmers, der ein erfolgreiches Transportunternehmen aufbauen und managen muss. Dabei \u00fcbernimmt der Spieler die komplette Verantwortung f\u00fcr die Unternehmensf\u00fchrung, von&hellip;&nbsp;<a href=\"https:\/\/www.sl-soft.de\/en\/der-planer\/\" class=\"\" rel=\"bookmark\">Read More &raquo;<span class=\"screen-reader-text\">Der Planer<\/span><\/a><\/p>","protected":false},"author":1,"featured_media":0,"parent":0,"menu_order":0,"comment_status":"closed","ping_status":"closed","template":"page-templates\/template-pagebuilder-full-width.php","meta":{"footnotes":""},"class_list":["post-2181","page","type-page","status-publish","hentry"],"_links":{"self":[{"href":"https:\/\/www.sl-soft.de\/en\/wp-json\/wp\/v2\/pages\/2181","targetHints":{"allow":["GET"]}}],"collection":[{"href":"https:\/\/www.sl-soft.de\/en\/wp-json\/wp\/v2\/pages"}],"about":[{"href":"https:\/\/www.sl-soft.de\/en\/wp-json\/wp\/v2\/types\/page"}],"author":[{"embeddable":true,"href":"https:\/\/www.sl-soft.de\/en\/wp-json\/wp\/v2\/users\/1"}],"replies":[{"embeddable":true,"href":"https:\/\/www.sl-soft.de\/en\/wp-json\/wp\/v2\/comments?post=2181"}],"version-history":[{"count":23,"href":"https:\/\/www.sl-soft.de\/en\/wp-json\/wp\/v2\/pages\/2181\/revisions"}],"predecessor-version":[{"id":2208,"href":"https:\/\/www.sl-soft.de\/en\/wp-json\/wp\/v2\/pages\/2181\/revisions\/2208"}],"wp:attachment":[{"href":"https:\/\/www.sl-soft.de\/en\/wp-json\/wp\/v2\/media?parent=2181"}],"curies":[{"name":"wp","href":"https:\/\/api.w.org\/{rel}","templated":true}]}}