{"id":2828,"date":"2026-04-11T23:20:13","date_gmt":"2026-04-11T21:20:13","guid":{"rendered":"https:\/\/www.sl-soft.de\/?page_id=2828"},"modified":"2026-04-12T13:18:53","modified_gmt":"2026-04-12T11:18:53","slug":"decaclip","status":"publish","type":"page","link":"https:\/\/www.sl-soft.de\/en\/decaclip\/","title":{"rendered":"DecaClip"},"content":{"rendered":"<div data-elementor-type=\"wp-page\" data-elementor-id=\"2828\" class=\"elementor elementor-2828\">\n\t\t\t\t\t\t<section class=\"elementor-section elementor-top-section elementor-element elementor-element-484ee6b elementor-section-boxed elementor-section-height-default elementor-section-height-default\" data-id=\"484ee6b\" data-element_type=\"section\">\n\t\t\t\t\t\t<div class=\"elementor-container elementor-column-gap-default\">\n\t\t\t\t\t<div class=\"elementor-column elementor-col-100 elementor-top-column elementor-element elementor-element-59bed11\" data-id=\"59bed11\" data-element_type=\"column\">\n\t\t\t<div class=\"elementor-widget-wrap elementor-element-populated\">\n\t\t\t\t\t\t<div class=\"elementor-element elementor-element-643d0ea elementor-widget-divider--view-line elementor-widget elementor-widget-divider\" data-id=\"643d0ea\" data-element_type=\"widget\" data-widget_type=\"divider.default\">\n\t\t\t\t<div class=\"elementor-widget-container\">\n\t\t\t\t\t\t\t<div class=\"elementor-divider\">\n\t\t\t<span class=\"elementor-divider-separator\">\n\t\t\t\t\t\t<\/span>\n\t\t<\/div>\n\t\t\t\t\t\t<\/div>\n\t\t\t\t<\/div>\n\t\t\t\t\t<\/div>\n\t\t<\/div>\n\t\t\t\t\t<\/div>\n\t\t<\/section>\n\t\t\t\t<section class=\"elementor-section elementor-top-section elementor-element elementor-element-6076002 elementor-section-boxed elementor-section-height-default elementor-section-height-default\" data-id=\"6076002\" data-element_type=\"section\">\n\t\t\t\t\t\t<div class=\"elementor-container elementor-column-gap-default\">\n\t\t\t\t\t<div class=\"elementor-column elementor-col-50 elementor-top-column elementor-element elementor-element-2a0c7ef\" data-id=\"2a0c7ef\" data-element_type=\"column\">\n\t\t\t<div class=\"elementor-widget-wrap elementor-element-populated\">\n\t\t\t\t\t\t<div class=\"elementor-element elementor-element-deaae3e elementor-widget elementor-widget-heading\" data-id=\"deaae3e\" data-element_type=\"widget\" data-widget_type=\"heading.default\">\n\t\t\t\t<div class=\"elementor-widget-container\">\n\t\t\t\t\t<h1 class=\"elementor-heading-title elementor-size-default\">DecaClip<\/h1>\t\t\t\t<\/div>\n\t\t\t\t<\/div>\n\t\t\t\t<div class=\"elementor-element elementor-element-34bf9b8 elementor-widget elementor-widget-text-editor\" data-id=\"34bf9b8\" data-element_type=\"widget\" data-widget_type=\"text-editor.default\">\n\t\t\t\t<div class=\"elementor-widget-container\">\n\t\t\t\t\t\t\t\t\t<p class=\"p1\">Deine erweiterte Zwischenablage<\/p>\t\t\t\t\t\t\t\t<\/div>\n\t\t\t\t<\/div>\n\t\t\t\t<div class=\"elementor-element elementor-element-2a9b5c1 elementor-widget elementor-widget-spacer\" data-id=\"2a9b5c1\" data-element_type=\"widget\" data-widget_type=\"spacer.default\">\n\t\t\t\t<div class=\"elementor-widget-container\">\n\t\t\t\t\t\t\t<div class=\"elementor-spacer\">\n\t\t\t<div class=\"elementor-spacer-inner\"><\/div>\n\t\t<\/div>\n\t\t\t\t\t\t<\/div>\n\t\t\t\t<\/div>\n\t\t\t\t\t<\/div>\n\t\t<\/div>\n\t\t\t\t<div class=\"elementor-column elementor-col-50 elementor-top-column elementor-element elementor-element-49d6ccd\" data-id=\"49d6ccd\" data-element_type=\"column\">\n\t\t\t<div class=\"elementor-widget-wrap elementor-element-populated\">\n\t\t\t\t\t\t<div class=\"elementor-element elementor-element-e3685ef elementor-widget elementor-widget-image\" data-id=\"e3685ef\" data-element_type=\"widget\" data-widget_type=\"image.default\">\n\t\t\t\t<div class=\"elementor-widget-container\">\n\t\t\t\t\t\t\t\t\t\t\t\t\t\t\t<img decoding=\"async\" src=\"https:\/\/www.sl-soft.de\/wp-content\/uploads\/elementor\/thumbs\/DecaClip-rlv9fyujf3rkn13vjnbrf9lmmd542goka5sucagrm8.png\" title=\"DecaClip\" alt=\"DecaClip\" loading=\"lazy\" \/>\t\t\t\t\t\t\t\t\t\t\t\t\t\t\t<\/div>\n\t\t\t\t<\/div>\n\t\t\t\t\t<\/div>\n\t\t<\/div>\n\t\t\t\t\t<\/div>\n\t\t<\/section>\n\t\t\t\t<section class=\"elementor-section elementor-top-section elementor-element elementor-element-c4b3252 elementor-section-boxed elementor-section-height-default elementor-section-height-default\" data-id=\"c4b3252\" data-element_type=\"section\" data-settings=\"{&quot;background_background&quot;:&quot;classic&quot;,&quot;shape_divider_top&quot;:&quot;triangle&quot;}\">\n\t\t\t\t\t<div class=\"elementor-shape elementor-shape-top\" aria-hidden=\"true\" data-negative=\"false\">\n\t\t\t<svg xmlns=\"http:\/\/www.w3.org\/2000\/svg\" viewbox=\"0 0 1000 100\" preserveaspectratio=\"none\">\n\t<path class=\"elementor-shape-fill\" d=\"M500,98.9L0,6.1V0h1000v6.1L500,98.9z\"\/>\n<\/svg>\t\t<\/div>\n\t\t\t\t\t<div class=\"elementor-container elementor-column-gap-default\">\n\t\t\t\t\t<div class=\"elementor-column elementor-col-100 elementor-top-column elementor-element elementor-element-930633c\" data-id=\"930633c\" data-element_type=\"column\">\n\t\t\t<div class=\"elementor-widget-wrap elementor-element-populated\">\n\t\t\t\t\t\t<div class=\"elementor-element elementor-element-815602e elementor-widget__width-initial elementor-widget elementor-widget-text-editor\" data-id=\"815602e\" data-element_type=\"widget\" data-widget_type=\"text-editor.default\">\n\t\t\t\t<div class=\"elementor-widget-container\">\n\t\t\t\t\t\t\t\t\t<p><span style=\"text-decoration: underline;\"><b> Schneller arbeiten mit mehreren Zwischenablagen<br \/><\/b><\/span>Anstatt nur eine einzige Zwischenablage zu nutzen, kannst du mit DecaClip bis zu <b>10 unabh\u00e4ngige Slots<\/b> verwenden. Speichere Inhalte gezielt und rufe sie jederzeit per Tastenkombination wieder ab \u2013 ohne Suchen, ohne Umwege.<\/p><p><b><br \/><span style=\"text-decoration: underline;\">Sofortiger Zugriff per Tastenk\u00fcrzel<br \/><\/span><\/b>&#8211; Speichern: <strong>control<\/strong><b> (\u2303) + option (\u2325) + 0\u20139<br \/><\/b>&#8211; Einf\u00fcgen: <b>option (\u2325) + command (\u2318<\/b><b style=\"letter-spacing: 0px; font-family: Graphik, -apple-system, BlinkMacSystemFont, 'Segoe UI', Helvetica, Arial, sans-serif;\">) + 0\u20139<\/b><\/p><p><b><br \/><span style=\"text-decoration: underline;\">Anpassbares Feedback<br \/><\/span><\/b>DecaClip bietet optionales Audio-Feedback, damit du jede Aktion direkt wahrnimmst.<\/p><p>&#8211; Auswahl aus integrierten macOS-Systemt\u00f6nen<br \/>&#8211; Individuelle Lautst\u00e4rkeregelung<br \/>&#8211; Separate Sounds f\u00fcr Copy- und Paste-Aktionen<\/p><p><b><br \/><span style=\"text-decoration: underline;\">Fokus auf Effizienz<br \/><\/span><\/b>&#8211; Schlankes Design \u2013 l\u00e4uft unauff\u00e4llig in der Men\u00fcleiste<br \/>&#8211; Kein unn\u00f6tiger Ballast \u2013 schnelle und zuverl\u00e4ssige Bedienung<\/p><p><b><br \/><span style=\"text-decoration: underline;\">Ideal f\u00fcr<br \/><\/span><\/b>&#8211; Entwickler mit h\u00e4ufig genutzten Code-Snippets<br \/>&#8211; B\u00fcroarbeiten mit wiederkehrenden Textbausteinen<br \/>&#8211; Alle, die Copy &amp; Paste effizienter nutzen m\u00f6chten<\/p><p class=\"p1\"><strong><br \/>Steigere deine Produktivit\u00e4t und behalte die Kontrolle \u00fcber deine Zwischenablage \u2013 mit DecaClip.<\/strong><\/p><h3><a href=\"https:\/\/www.sl-soft.de\/extern\/software\/decaclip\/decaclip.zip\">Download DecaClip (min. macOS 11)<\/a><b><\/b><b style=\"letter-spacing: 0px; font-family: Graphik, -apple-system, BlinkMacSystemFont, 'Segoe UI', Helvetica, Arial, sans-serif;\"><\/b><\/h3>\t\t\t\t\t\t\t\t<\/div>\n\t\t\t\t<\/div>\n\t\t\t\t\t<\/div>\n\t\t<\/div>\n\t\t\t\t\t<\/div>\n\t\t<\/section>\n\t\t\t\t<section class=\"elementor-section elementor-top-section elementor-element elementor-element-c858d71 elementor-section-boxed elementor-section-height-default elementor-section-height-default\" data-id=\"c858d71\" data-element_type=\"section\">\n\t\t\t\t\t\t\t<div class=\"elementor-background-overlay\"><\/div>\n\t\t\t\t\t\t\t<div class=\"elementor-container elementor-column-gap-default\">\n\t\t\t\t\t<div class=\"elementor-column elementor-col-100 elementor-top-column elementor-element elementor-element-c842502\" data-id=\"c842502\" data-element_type=\"column\">\n\t\t\t<div class=\"elementor-widget-wrap elementor-element-populated\">\n\t\t\t\t\t\t<div class=\"elementor-element elementor-element-305cba6 elementor-widget elementor-widget-image\" data-id=\"305cba6\" data-element_type=\"widget\" data-widget_type=\"image.default\">\n\t\t\t\t<div class=\"elementor-widget-container\">\n\t\t\t\t\t\t\t\t\t\t\t\t\t\t\t<img fetchpriority=\"high\" decoding=\"async\" width=\"464\" height=\"418\" src=\"https:\/\/www.sl-soft.de\/wp-content\/uploads\/2026\/04\/Bildschirmfoto-2026-04-12-um-13.18.14.png\" class=\"attachment-medium_large size-medium_large wp-image-2882\" alt=\"\" srcset=\"https:\/\/www.sl-soft.de\/wp-content\/uploads\/2026\/04\/Bildschirmfoto-2026-04-12-um-13.18.14.png 464w, https:\/\/www.sl-soft.de\/wp-content\/uploads\/2026\/04\/Bildschirmfoto-2026-04-12-um-13.18.14-300x270.png 300w, https:\/\/www.sl-soft.de\/wp-content\/uploads\/2026\/04\/Bildschirmfoto-2026-04-12-um-13.18.14-13x12.png 13w\" sizes=\"(max-width: 464px) 100vw, 464px\" \/>\t\t\t\t\t\t\t\t\t\t\t\t\t\t\t<\/div>\n\t\t\t\t<\/div>\n\t\t\t\t<div class=\"elementor-element elementor-element-adb1bd1 elementor-widget elementor-widget-image\" data-id=\"adb1bd1\" data-element_type=\"widget\" data-widget_type=\"image.default\">\n\t\t\t\t<div class=\"elementor-widget-container\">\n\t\t\t\t\t\t\t\t\t\t\t\t\t\t\t<img decoding=\"async\" width=\"768\" height=\"605\" src=\"https:\/\/www.sl-soft.de\/wp-content\/uploads\/2026\/04\/Bildschirmfoto-2026-04-11-um-23.30.23-768x605.png\" class=\"attachment-medium_large size-medium_large wp-image-2835\" alt=\"\" srcset=\"https:\/\/www.sl-soft.de\/wp-content\/uploads\/2026\/04\/Bildschirmfoto-2026-04-11-um-23.30.23-768x605.png 768w, https:\/\/www.sl-soft.de\/wp-content\/uploads\/2026\/04\/Bildschirmfoto-2026-04-11-um-23.30.23-300x236.png 300w, https:\/\/www.sl-soft.de\/wp-content\/uploads\/2026\/04\/Bildschirmfoto-2026-04-11-um-23.30.23-15x12.png 15w, https:\/\/www.sl-soft.de\/wp-content\/uploads\/2026\/04\/Bildschirmfoto-2026-04-11-um-23.30.23.png 820w\" sizes=\"(max-width: 768px) 100vw, 768px\" \/>\t\t\t\t\t\t\t\t\t\t\t\t\t\t\t<\/div>\n\t\t\t\t<\/div>\n\t\t\t\t\t<\/div>\n\t\t<\/div>\n\t\t\t\t\t<\/div>\n\t\t<\/section>\n\t\t\t\t<section class=\"elementor-section elementor-top-section elementor-element elementor-element-368a8ad elementor-section-boxed elementor-section-height-default elementor-section-height-default\" data-id=\"368a8ad\" data-element_type=\"section\">\n\t\t\t\t\t\t<div class=\"elementor-container elementor-column-gap-default\">\n\t\t\t\t\t<div class=\"elementor-column elementor-col-100 elementor-top-column elementor-element elementor-element-ad0febf\" data-id=\"ad0febf\" data-element_type=\"column\">\n\t\t\t<div class=\"elementor-widget-wrap\">\n\t\t\t\t\t\t\t<\/div>\n\t\t<\/div>\n\t\t\t\t\t<\/div>\n\t\t<\/section>\n\t\t\t\t<\/div>","protected":false},"excerpt":{"rendered":"<p>DecaClip Deine erweiterte Zwischenablage Schneller arbeiten mit mehreren ZwischenablagenAnstatt nur eine einzige Zwischenablage zu nutzen, kannst du mit DecaClip bis zu 10 unabh\u00e4ngige Slots verwenden. Speichere Inhalte gezielt und rufe sie jederzeit per Tastenkombination wieder ab \u2013 ohne Suchen, ohne Umwege. Sofortiger Zugriff per Tastenk\u00fcrzel&#8211; Speichern: control (\u2303) + option (\u2325) + 0\u20139&#8211; Einf\u00fcgen: option&hellip;&nbsp;<a href=\"https:\/\/www.sl-soft.de\/en\/decaclip\/\" class=\"\" rel=\"bookmark\">Read More &raquo;<span class=\"screen-reader-text\">DecaClip<\/span><\/a><\/p>","protected":false},"author":1,"featured_media":0,"parent":0,"menu_order":0,"comment_status":"closed","ping_status":"closed","template":"page-templates\/template-pagebuilder-full-width.php","meta":{"footnotes":""},"class_list":["post-2828","page","type-page","status-publish","hentry"],"_links":{"self":[{"href":"https:\/\/www.sl-soft.de\/en\/wp-json\/wp\/v2\/pages\/2828","targetHints":{"allow":["GET"]}}],"collection":[{"href":"https:\/\/www.sl-soft.de\/en\/wp-json\/wp\/v2\/pages"}],"about":[{"href":"https:\/\/www.sl-soft.de\/en\/wp-json\/wp\/v2\/types\/page"}],"author":[{"embeddable":true,"href":"https:\/\/www.sl-soft.de\/en\/wp-json\/wp\/v2\/users\/1"}],"replies":[{"embeddable":true,"href":"https:\/\/www.sl-soft.de\/en\/wp-json\/wp\/v2\/comments?post=2828"}],"version-history":[{"count":49,"href":"https:\/\/www.sl-soft.de\/en\/wp-json\/wp\/v2\/pages\/2828\/revisions"}],"predecessor-version":[{"id":2885,"href":"https:\/\/www.sl-soft.de\/en\/wp-json\/wp\/v2\/pages\/2828\/revisions\/2885"}],"wp:attachment":[{"href":"https:\/\/www.sl-soft.de\/en\/wp-json\/wp\/v2\/media?parent=2828"}],"curies":[{"name":"wp","href":"https:\/\/api.w.org\/{rel}","templated":true}]}}