{"id":904,"date":"2020-06-10T18:07:18","date_gmt":"2020-06-10T16:07:18","guid":{"rendered":"https:\/\/www.sl-soft.de\/?page_id=904"},"modified":"2022-01-22T02:10:30","modified_gmt":"2022-01-22T01:10:30","slug":"resleep","status":"publish","type":"page","link":"https:\/\/www.sl-soft.de\/en\/resleep\/","title":{"rendered":"ReSleep"},"content":{"rendered":"<div data-elementor-type=\"wp-page\" data-elementor-id=\"904\" class=\"elementor elementor-904\">\n\t\t\t\t\t\t<section class=\"elementor-section elementor-top-section elementor-element elementor-element-b52f183 elementor-section-boxed elementor-section-height-default elementor-section-height-default\" data-id=\"b52f183\" data-element_type=\"section\">\n\t\t\t\t\t\t<div class=\"elementor-container elementor-column-gap-default\">\n\t\t\t\t\t<div class=\"elementor-column elementor-col-100 elementor-top-column elementor-element elementor-element-03fa3e8\" data-id=\"03fa3e8\" data-element_type=\"column\">\n\t\t\t<div class=\"elementor-widget-wrap elementor-element-populated\">\n\t\t\t\t\t\t<div class=\"elementor-element elementor-element-2cf90f8 elementor-widget-divider--view-line elementor-widget elementor-widget-divider\" data-id=\"2cf90f8\" data-element_type=\"widget\" data-widget_type=\"divider.default\">\n\t\t\t\t<div class=\"elementor-widget-container\">\n\t\t\t\t\t\t\t<div class=\"elementor-divider\">\n\t\t\t<span class=\"elementor-divider-separator\">\n\t\t\t\t\t\t<\/span>\n\t\t<\/div>\n\t\t\t\t\t\t<\/div>\n\t\t\t\t<\/div>\n\t\t\t\t\t<\/div>\n\t\t<\/div>\n\t\t\t\t\t<\/div>\n\t\t<\/section>\n\t\t\t\t<section class=\"elementor-section elementor-top-section elementor-element elementor-element-651c810 elementor-section-boxed elementor-section-height-default elementor-section-height-default\" data-id=\"651c810\" data-element_type=\"section\">\n\t\t\t\t\t\t<div class=\"elementor-container elementor-column-gap-default\">\n\t\t\t\t\t<div class=\"elementor-column elementor-col-50 elementor-top-column elementor-element elementor-element-f3adaca\" data-id=\"f3adaca\" data-element_type=\"column\">\n\t\t\t<div class=\"elementor-widget-wrap elementor-element-populated\">\n\t\t\t\t\t\t<div class=\"elementor-element elementor-element-030cc2a elementor-widget elementor-widget-heading\" data-id=\"030cc2a\" data-element_type=\"widget\" data-widget_type=\"heading.default\">\n\t\t\t\t<div class=\"elementor-widget-container\">\n\t\t\t\t\t<h1 class=\"elementor-heading-title elementor-size-default\">ReSleep<\/h1>\t\t\t\t<\/div>\n\t\t\t\t<\/div>\n\t\t\t\t<div class=\"elementor-element elementor-element-bb16d2b elementor-widget elementor-widget-text-editor\" data-id=\"bb16d2b\" data-element_type=\"widget\" data-widget_type=\"text-editor.default\">\n\t\t\t\t<div class=\"elementor-widget-container\">\n\t\t\t\t\t\t\t\t\t<p>The \"re-sleep\" tool<br><\/p>\t\t\t\t\t\t\t\t<\/div>\n\t\t\t\t<\/div>\n\t\t\t\t<div class=\"elementor-element elementor-element-26bc9af elementor-widget elementor-widget-spacer\" data-id=\"26bc9af\" data-element_type=\"widget\" data-widget_type=\"spacer.default\">\n\t\t\t\t<div class=\"elementor-widget-container\">\n\t\t\t\t\t\t\t<div class=\"elementor-spacer\">\n\t\t\t<div class=\"elementor-spacer-inner\"><\/div>\n\t\t<\/div>\n\t\t\t\t\t\t<\/div>\n\t\t\t\t<\/div>\n\t\t\t\t\t<\/div>\n\t\t<\/div>\n\t\t\t\t<div class=\"elementor-column elementor-col-50 elementor-top-column elementor-element elementor-element-e8fa19a\" data-id=\"e8fa19a\" data-element_type=\"column\">\n\t\t\t<div class=\"elementor-widget-wrap elementor-element-populated\">\n\t\t\t\t\t\t<div class=\"elementor-element elementor-element-c799203 elementor-widget elementor-widget-image\" data-id=\"c799203\" data-element_type=\"widget\" data-widget_type=\"image.default\">\n\t\t\t\t<div class=\"elementor-widget-container\">\n\t\t\t\t\t\t\t\t\t\t\t\t\t\t\t<img decoding=\"async\" src=\"https:\/\/www.sl-soft.de\/wp-content\/uploads\/elementor\/thumbs\/logo_28-oqtio6now5zd6z7kzmyjzuzuj4bl65ndc1iafcn6q8.png\" title=\"ReSleep Logo\" alt=\"ReSleep Logo\" loading=\"lazy\" \/>\t\t\t\t\t\t\t\t\t\t\t\t\t\t\t<\/div>\n\t\t\t\t<\/div>\n\t\t\t\t\t<\/div>\n\t\t<\/div>\n\t\t\t\t\t<\/div>\n\t\t<\/section>\n\t\t\t\t<section class=\"elementor-section elementor-top-section elementor-element elementor-element-f887316 elementor-section-boxed elementor-section-height-default elementor-section-height-default\" data-id=\"f887316\" data-element_type=\"section\" data-settings=\"{&quot;background_background&quot;:&quot;classic&quot;,&quot;shape_divider_top&quot;:&quot;triangle&quot;}\">\n\t\t\t\t\t<div class=\"elementor-shape elementor-shape-top\" aria-hidden=\"true\" data-negative=\"false\">\n\t\t\t<svg xmlns=\"http:\/\/www.w3.org\/2000\/svg\" viewbox=\"0 0 1000 100\" preserveaspectratio=\"none\">\n\t<path class=\"elementor-shape-fill\" d=\"M500,98.9L0,6.1V0h1000v6.1L500,98.9z\"\/>\n<\/svg>\t\t<\/div>\n\t\t\t\t\t<div class=\"elementor-container elementor-column-gap-default\">\n\t\t\t\t\t<div class=\"elementor-column elementor-col-100 elementor-top-column elementor-element elementor-element-70f81ee\" data-id=\"70f81ee\" data-element_type=\"column\">\n\t\t\t<div class=\"elementor-widget-wrap elementor-element-populated\">\n\t\t\t\t\t\t<div class=\"elementor-element elementor-element-f3b5b05 elementor-widget elementor-widget-text-editor\" data-id=\"f3b5b05\" data-element_type=\"widget\" data-widget_type=\"text-editor.default\">\n\t\t\t\t<div class=\"elementor-widget-container\">\n\t\t\t\t\t\t\t\t\t<p>Why ReSleep? It can happen that the computer suddenly wakes up from sleep mode. If this happens in the middle of the night, there is a risk that the computer will be left unused for hours until you notice it the next day. This is exactly where ReSleep comes in.<\/p><p>By defining a re-sleep time, the computer is automatically put back to sleep after this countdown.<\/p><h3 style=\"text-align: center;\"><strong><a href=\"https:\/\/www.sl-soft.de\/extern\/ReSleep.zip\">&gt;&gt;&gt; Download (mind. 10.10) &lt;&lt;&lt;<\/a><br \/><\/strong><strong>Source: <a href=\"https:\/\/github.com\/MacThings\/resleep\" target=\"_blank\" rel=\"noopener\">Github<\/a><\/strong><\/h3>\t\t\t\t\t\t\t\t<\/div>\n\t\t\t\t<\/div>\n\t\t\t\t\t<\/div>\n\t\t<\/div>\n\t\t\t\t\t<\/div>\n\t\t<\/section>\n\t\t\t\t<section class=\"elementor-section elementor-top-section elementor-element elementor-element-54cea96 elementor-section-boxed elementor-section-height-default elementor-section-height-default\" data-id=\"54cea96\" data-element_type=\"section\">\n\t\t\t\t\t\t\t<div class=\"elementor-background-overlay\"><\/div>\n\t\t\t\t\t\t\t<div class=\"elementor-container elementor-column-gap-default\">\n\t\t\t\t\t<div class=\"elementor-column elementor-col-100 elementor-top-column elementor-element elementor-element-65e0e4b\" data-id=\"65e0e4b\" data-element_type=\"column\">\n\t\t\t<div class=\"elementor-widget-wrap elementor-element-populated\">\n\t\t\t\t\t\t<div class=\"elementor-element elementor-element-ca3b900 elementor-widget elementor-widget-heading\" data-id=\"ca3b900\" data-element_type=\"widget\" data-widget_type=\"heading.default\">\n\t\t\t\t<div class=\"elementor-widget-container\">\n\t\t\t\t\t<h3 class=\"elementor-heading-title elementor-size-default\">Small and space-saving in the menu bar<\/h3>\t\t\t\t<\/div>\n\t\t\t\t<\/div>\n\t\t\t\t<div class=\"elementor-element elementor-element-5544012 elementor-invisible elementor-widget elementor-widget-image\" data-id=\"5544012\" data-element_type=\"widget\" data-settings=\"{&quot;_animation&quot;:&quot;bounceInRight&quot;}\" data-widget_type=\"image.default\">\n\t\t\t\t<div class=\"elementor-widget-container\">\n\t\t\t\t\t\t\t\t\t\t\t\t\t\t\t<img decoding=\"async\" width=\"182\" height=\"22\" src=\"https:\/\/www.sl-soft.de\/wp-content\/uploads\/2020\/06\/Menuleiste.png\" class=\"attachment-large size-large wp-image-939\" alt=\"\" \/>\t\t\t\t\t\t\t\t\t\t\t\t\t\t\t<\/div>\n\t\t\t\t<\/div>\n\t\t\t\t<div class=\"elementor-element elementor-element-f86df0e elementor-invisible elementor-widget elementor-widget-image\" data-id=\"f86df0e\" data-element_type=\"widget\" data-settings=\"{&quot;_animation&quot;:&quot;bounceInRight&quot;}\" data-widget_type=\"image.default\">\n\t\t\t\t<div class=\"elementor-widget-container\">\n\t\t\t\t\t\t\t\t\t\t\t\t\t\t\t<img decoding=\"async\" width=\"229\" height=\"173\" src=\"https:\/\/www.sl-soft.de\/wp-content\/uploads\/2020\/06\/Screenshot-2020-06-10-at-18.37.27.png\" class=\"attachment-large size-large wp-image-918\" alt=\"\" \/>\t\t\t\t\t\t\t\t\t\t\t\t\t\t\t<\/div>\n\t\t\t\t<\/div>\n\t\t\t\t<div class=\"elementor-element elementor-element-5ea719c elementor-widget elementor-widget-text-editor\" data-id=\"5ea719c\" data-element_type=\"widget\" data-widget_type=\"text-editor.default\">\n\t\t\t\t<div class=\"elementor-widget-container\">\n\t\t\t\t\t\t\t\t\t<p>If you click the menu icon with the left mouse button after starting the app, the computer is initially put to sleep after 5 seconds. That means you have 5 seconds to interrupt the operation if the click is accidentally made. Simply click the menu icon again and the process will be canceled. <\/p>\n<p>If the computer is then put to sleep by ReSleep and it suddenly wakes up at any time, then the re-sleep time stored in the settings takes effect (standard is 90 seconds).<\/p>\n<p><\/p>\t\t\t\t\t\t\t\t<\/div>\n\t\t\t\t<\/div>\n\t\t\t\t<div class=\"elementor-element elementor-element-8d4b6f1 elementor-invisible elementor-widget elementor-widget-image\" data-id=\"8d4b6f1\" data-element_type=\"widget\" data-settings=\"{&quot;_animation&quot;:&quot;bounceInRight&quot;}\" data-widget_type=\"image.default\">\n\t\t\t\t<div class=\"elementor-widget-container\">\n\t\t\t\t\t\t\t\t\t\t\t\t\t\t\t<img fetchpriority=\"high\" decoding=\"async\" width=\"368\" height=\"271\" src=\"https:\/\/www.sl-soft.de\/wp-content\/uploads\/2020\/06\/Screenshot-2020-06-10-at-18.37.40.png\" class=\"attachment-large size-large wp-image-919\" alt=\"\" srcset=\"https:\/\/www.sl-soft.de\/wp-content\/uploads\/2020\/06\/Screenshot-2020-06-10-at-18.37.40.png 368w, https:\/\/www.sl-soft.de\/wp-content\/uploads\/2020\/06\/Screenshot-2020-06-10-at-18.37.40-300x221.png 300w\" sizes=\"(max-width: 368px) 100vw, 368px\" \/>\t\t\t\t\t\t\t\t\t\t\t\t\t\t\t<\/div>\n\t\t\t\t<\/div>\n\t\t\t\t<div class=\"elementor-element elementor-element-9a52bbb elementor-widget elementor-widget-text-editor\" data-id=\"9a52bbb\" data-element_type=\"widget\" data-widget_type=\"text-editor.default\">\n\t\t\t\t<div class=\"elementor-widget-container\">\n\t\t\t\t\t\t\t\t\t<p>If you consciously wake the computer up again, you also have to stop the process (as already described above) by left-clicking the menu symbol, otherwise the sleep state will be activated again after the countdown has ended.<br><\/p>\t\t\t\t\t\t\t\t<\/div>\n\t\t\t\t<\/div>\n\t\t\t\t\t<\/div>\n\t\t<\/div>\n\t\t\t\t\t<\/div>\n\t\t<\/section>\n\t\t\t\t<section class=\"elementor-section elementor-top-section elementor-element elementor-element-5d0e518 elementor-section-boxed elementor-section-height-default elementor-section-height-default\" data-id=\"5d0e518\" data-element_type=\"section\">\n\t\t\t\t\t\t<div class=\"elementor-container elementor-column-gap-default\">\n\t\t\t\t\t<div class=\"elementor-column elementor-col-100 elementor-top-column elementor-element elementor-element-20ff6b6\" data-id=\"20ff6b6\" data-element_type=\"column\">\n\t\t\t<div class=\"elementor-widget-wrap elementor-element-populated\">\n\t\t\t\t\t\t<div class=\"elementor-element elementor-element-7d5ee61 elementor-widget elementor-widget-spacer\" data-id=\"7d5ee61\" data-element_type=\"widget\" data-widget_type=\"spacer.default\">\n\t\t\t\t<div class=\"elementor-widget-container\">\n\t\t\t\t\t\t\t<div class=\"elementor-spacer\">\n\t\t\t<div class=\"elementor-spacer-inner\"><\/div>\n\t\t<\/div>\n\t\t\t\t\t\t<\/div>\n\t\t\t\t<\/div>\n\t\t\t\t\t<\/div>\n\t\t<\/div>\n\t\t\t\t\t<\/div>\n\t\t<\/section>\n\t\t\t\t<\/div>","protected":false},"excerpt":{"rendered":"<p>ReSleep Das &#8222;Wiedereinschlaf&#8220;-Tool Wozu ReSleep? Es kann vorkommen, dass der Rechner unvermittelt aus dem Sleepmodus aufwacht. Passiert dies mitten in der Nacht l\u00e4uft man gefahr, das der Rechner unn\u00f6tig f\u00fcr Stunden ungenutzt in Betrieb ist bis man es am n\u00e4chsten Tag bemerkt. Genau hier setzt ReSleep an. Durch defnieren einer Wiedereinschlafzeit wird der Rechner nach&hellip;&nbsp;<a href=\"https:\/\/www.sl-soft.de\/en\/resleep\/\" class=\"\" rel=\"bookmark\">Read More &raquo;<span class=\"screen-reader-text\">ReSleep<\/span><\/a><\/p>","protected":false},"author":1,"featured_media":0,"parent":0,"menu_order":0,"comment_status":"closed","ping_status":"closed","template":"page-templates\/template-pagebuilder-full-width.php","meta":{"footnotes":""},"class_list":["post-904","page","type-page","status-publish","hentry"],"_links":{"self":[{"href":"https:\/\/www.sl-soft.de\/en\/wp-json\/wp\/v2\/pages\/904","targetHints":{"allow":["GET"]}}],"collection":[{"href":"https:\/\/www.sl-soft.de\/en\/wp-json\/wp\/v2\/pages"}],"about":[{"href":"https:\/\/www.sl-soft.de\/en\/wp-json\/wp\/v2\/types\/page"}],"author":[{"embeddable":true,"href":"https:\/\/www.sl-soft.de\/en\/wp-json\/wp\/v2\/users\/1"}],"replies":[{"embeddable":true,"href":"https:\/\/www.sl-soft.de\/en\/wp-json\/wp\/v2\/comments?post=904"}],"version-history":[{"count":21,"href":"https:\/\/www.sl-soft.de\/en\/wp-json\/wp\/v2\/pages\/904\/revisions"}],"predecessor-version":[{"id":1371,"href":"https:\/\/www.sl-soft.de\/en\/wp-json\/wp\/v2\/pages\/904\/revisions\/1371"}],"wp:attachment":[{"href":"https:\/\/www.sl-soft.de\/en\/wp-json\/wp\/v2\/media?parent=904"}],"curies":[{"name":"wp","href":"https:\/\/api.w.org\/{rel}","templated":true}]}}